{"id":15354,"date":"2018-03-19T13:59:21","date_gmt":"2018-03-19T12:59:21","guid":{"rendered":"http:\/\/ilernova.com.91-142-220-242.panelserver.org\/noticias\/"},"modified":"2018-06-21T09:51:03","modified_gmt":"2018-06-21T07:51:03","slug":"noticies","status":"publish","type":"page","link":"https:\/\/ilernova.com\/ca\/noticies\/","title":{"rendered":"Not\u00edcies"},"content":{"rendered":"<p>[vc_row bg_type=&#8221;bg_color&#8221; bg_override=&#8221;ex-full&#8221; type=&#8221;vc_default&#8221; margin_top=&#8221;-50&#8243; anchor=&#8221;about&#8221; bg_color_value=&#8221;#ffffff&#8221; css=&#8221;.vc_custom_1521461107010{padding-top: 40px !important;padding-bottom: 40px !important;}&#8221; el_id=&#8221;about&#8221;][vc_column]<div id=\"ultimate-heading-60376a031ae389fbb\" class=\"uvc-heading ult-adjust-bottom-margin ultimate-heading-60376a031ae389fbb uvc-323 \" data-hspacer=\"line_only\"  data-halign=\"center\" style=\"text-align:center\"><div class=\"uvc-main-heading ult-responsive\"  data-ultimate-target='.uvc-heading.ultimate-heading-60376a031ae389fbb h2'  data-responsive-json-new='{\"font-size\":\"desktop:56px;mobile_landscape:40px;\",\"line-height\":\"desktop:66px;mobile_landscape:50px;\"}' ><h2 style=\"--font-weight:theme;margin-bottom:5px;\">NOT\u00cdCIES<\/h2><\/div><div class=\"uvc-heading-spacer line_only\" style=\"margin-top:25px;margin-bottom:25px;height:1px;\"><span class=\"uvc-headings-line\" style=\"border-style:solid;border-bottom-width:1px;border-color:#b01e22;width:350px;\"><\/span><\/div><div class=\"uvc-sub-heading ult-responsive\"  data-ultimate-target='.uvc-heading.ultimate-heading-60376a031ae389fbb .uvc-sub-heading '  data-responsive-json-new='{\"font-size\":\"desktop:26px;mobile_landscape:20px;\",\"line-height\":\"desktop:36px;mobile_landscape:30px;\"}'  style=\"font-weight:normal;color:#adb0b6;margin-bottom:5px;\">Not\u00edcies i novetats<\/div><\/div>[vc_empty_space height=&#8221;50px&#8221;]<style type=\"text\/css\" data-type=\"the7_shortcodes-inline-css\">.blog-shortcode.blog-masonry-shortcode-id-092f52ce8e334594acd3a778bc4f734a.dividers-on.classic-layout-list article {\n  padding-top: 0;\n}\n.blog-shortcode.blog-masonry-shortcode-id-092f52ce8e334594acd3a778bc4f734a.dividers-on.classic-layout-list article:first-of-type {\n  margin-top: 0;\n  padding-top: 0;\n}\n.blog-shortcode.blog-masonry-shortcode-id-092f52ce8e334594acd3a778bc4f734a.classic-layout-list.mode-list .post-entry-content {\n  width: calc(100% - );\n}\n.blog-shortcode.blog-masonry-shortcode-id-092f52ce8e334594acd3a778bc4f734a.classic-layout-list.mode-list .no-img .post-entry-content {\n  width: 100%;\n}\n.blog-shortcode.blog-masonry-shortcode-id-092f52ce8e334594acd3a778bc4f734a .filter-bg-decoration .filter-categories a.act {\n  color: #fff;\n}\n.blog-shortcode.blog-masonry-shortcode-id-092f52ce8e334594acd3a778bc4f734a:not(.mode-masonry) article:first-of-type,\n.blog-shortcode.blog-masonry-shortcode-id-092f52ce8e334594acd3a778bc4f734a:not(.mode-masonry) article.visible.first:not(.product) {\n  margin-top: 0;\n}\n.blog-shortcode.blog-masonry-shortcode-id-092f52ce8e334594acd3a778bc4f734a.dividers-on:not(.mode-masonry) article {\n  margin-top: 0;\n}\n.blog-shortcode.blog-masonry-shortcode-id-092f52ce8e334594acd3a778bc4f734a.dividers-on:not(.mode-masonry) article:first-of-type,\n.blog-shortcode.blog-masonry-shortcode-id-092f52ce8e334594acd3a778bc4f734a.dividers-on:not(.mode-masonry) article.visible.first:not(.product) {\n  margin-top: 0;\n  padding-top: 0;\n}\n.blog-shortcode.blog-masonry-shortcode-id-092f52ce8e334594acd3a778bc4f734a .post-thumbnail-wrap {\n  padding: 0px 0px 0px 0px;\n}\n.blog-shortcode.blog-masonry-shortcode-id-092f52ce8e334594acd3a778bc4f734a.enable-bg-rollover .post-thumbnail-rollover:after {\n  background: -webkit-linear-gradient();\n  background: linear-gradient();\n}\n.blog-shortcode.blog-masonry-shortcode-id-092f52ce8e334594acd3a778bc4f734a .gallery-zoom-ico {\n  width: 44px;\n  height: 44px;\n  line-height: 44px;\n  border-radius: 100px;\n  margin: -22px 0 0 -22px;\n  border-width: 0px;\n  color: #ffffff;\n}\n.bottom-overlap-layout-list.blog-shortcode.blog-masonry-shortcode-id-092f52ce8e334594acd3a778bc4f734a .gallery-zoom-ico {\n  margin-top: -72px;\n}\n.gradient-overlay-layout-list.blog-shortcode.blog-masonry-shortcode-id-092f52ce8e334594acd3a778bc4f734a .gallery-zoom-ico,\n.content-rollover-layout-list.blog-shortcode.blog-masonry-shortcode-id-092f52ce8e334594acd3a778bc4f734a .gallery-zoom-ico {\n  margin: 0 0 10px;\n}\n.content-align-center.gradient-overlay-layout-list.blog-shortcode.blog-masonry-shortcode-id-092f52ce8e334594acd3a778bc4f734a .gallery-zoom-ico,\n.content-align-center.content-rollover-layout-list.blog-shortcode.blog-masonry-shortcode-id-092f52ce8e334594acd3a778bc4f734a .gallery-zoom-ico {\n  margin: 0 auto 10px;\n}\n.dt-icon-bg-on.blog-shortcode.blog-masonry-shortcode-id-092f52ce8e334594acd3a778bc4f734a .gallery-zoom-ico {\n  background: rgba(255,255,255,0.3);\n  box-shadow: none;\n}\n.blog-shortcode.blog-masonry-shortcode-id-092f52ce8e334594acd3a778bc4f734a .gallery-zoom-ico > span,\n.blog-shortcode.blog-masonry-shortcode-id-092f52ce8e334594acd3a778bc4f734a .gallery-zoom-ico:before {\n  font-size: 32px;\n  line-height: 44px;\n}\n.blog-shortcode.blog-masonry-shortcode-id-092f52ce8e334594acd3a778bc4f734a .gallery-zoom-ico > span,\n.blog-shortcode.blog-masonry-shortcode-id-092f52ce8e334594acd3a778bc4f734a .gallery-zoom-ico:before {\n  color: #ffffff;\n}\n.blog-shortcode.blog-masonry-shortcode-id-092f52ce8e334594acd3a778bc4f734a .entry-title,\n.blog-shortcode.blog-masonry-shortcode-id-092f52ce8e334594acd3a778bc4f734a.owl-carousel .entry-title {\n  margin-bottom: 5px;\n  font-weight: bold;\n}\n.blog-shortcode.blog-masonry-shortcode-id-092f52ce8e334594acd3a778bc4f734a .entry-meta {\n  margin-bottom: 15px;\n}\n.blog-shortcode.blog-masonry-shortcode-id-092f52ce8e334594acd3a778bc4f734a .portfolio-categories {\n  margin-bottom: 15px;\n}\n.blog-shortcode.blog-masonry-shortcode-id-092f52ce8e334594acd3a778bc4f734a .entry-excerpt {\n  margin-bottom: 5px;\n}\n.blog-shortcode.blog-masonry-shortcode-id-092f52ce8e334594acd3a778bc4f734a:not(.centered-layout-list) .post-entry-content {\n  padding: 25px 30px 30px 30px;\n}\n.blog-shortcode.blog-masonry-shortcode-id-092f52ce8e334594acd3a778bc4f734a:not(.centered-layout-list):not(.content-bg-on):not(.mode-list) .no-img .post-entry-content {\n  padding: 0;\n}\n@media screen and (max-width: ) {\n  .blog-shortcode.blog-masonry-shortcode-id-092f52ce8e334594acd3a778bc4f734a article {\n    -ms-flex-flow: column nowrap;\n    flex-flow: column nowrap;\n    margin-top: 20px;\n  }\n  .blog-shortcode.blog-masonry-shortcode-id-092f52ce8e334594acd3a778bc4f734a.dividers-on article {\n    border: none;\n  }\n  .blog-shortcode.blog-masonry-shortcode-id-092f52ce8e334594acd3a778bc4f734a.content-bg-on.centered-layout-list article {\n    padding: 0;\n  }\n  .blog-shortcode.blog-masonry-shortcode-id-092f52ce8e334594acd3a778bc4f734a.blog-shortcode.dividers-on article,\n  .blog-shortcode.blog-masonry-shortcode-id-092f52ce8e334594acd3a778bc4f734a.dividers-on.classic-layout-list article {\n    margin-top: 20px;\n    padding: 0;\n  }\n  .blog-shortcode.blog-masonry-shortcode-id-092f52ce8e334594acd3a778bc4f734a.blog-shortcode.dividers-on article:first-of-type,\n  .blog-shortcode.blog-masonry-shortcode-id-092f52ce8e334594acd3a778bc4f734a.dividers-on.classic-layout-list article:first-of-type {\n    padding: 0;\n  }\n  #page .blog-shortcode.blog-masonry-shortcode-id-092f52ce8e334594acd3a778bc4f734a .post-thumbnail-wrap,\n  #page .blog-shortcode.blog-masonry-shortcode-id-092f52ce8e334594acd3a778bc4f734a .post-entry-content {\n    width: 100%;\n    margin: 0;\n    top: 0;\n  }\n  #page .blog-shortcode.blog-masonry-shortcode-id-092f52ce8e334594acd3a778bc4f734a .post-thumbnail-wrap {\n    padding: 0;\n  }\n  #page .blog-shortcode.blog-masonry-shortcode-id-092f52ce8e334594acd3a778bc4f734a .post-entry-content:after {\n    display: none;\n  }\n  #page .blog-shortcode.blog-masonry-shortcode-id-092f52ce8e334594acd3a778bc4f734a .project-even .post-thumbnail-wrap,\n  #page .blog-shortcode.blog-masonry-shortcode-id-092f52ce8e334594acd3a778bc4f734a.centered-layout-list .post-thumbnail-wrap {\n    -ms-flex-order: 0;\n    order: 0;\n  }\n  #page .blog-shortcode.blog-masonry-shortcode-id-092f52ce8e334594acd3a778bc4f734a.centered-layout-list .post-entry-title-content {\n    -ms-flex-order: 1;\n    order: 1;\n    width: 100%;\n    padding: 20px 20px 0;\n  }\n  #page .blog-shortcode.blog-masonry-shortcode-id-092f52ce8e334594acd3a778bc4f734a.centered-layout-list .post-entry-content {\n    -ms-flex-order: 2;\n    order: 2;\n    padding-top: 0;\n  }\n  #page .blog-shortcode.blog-masonry-shortcode-id-092f52ce8e334594acd3a778bc4f734a .fancy-categories {\n    top: 10px;\n    left: 10px;\n    bottom: auto;\n    right: auto;\n  }\n  #page .blog-shortcode.blog-masonry-shortcode-id-092f52ce8e334594acd3a778bc4f734a .fancy-date a {\n    top: 10px;\n    right: 10px;\n    left: auto;\n    bottom: auto;\n  }\n  #page .blog-shortcode.blog-masonry-shortcode-id-092f52ce8e334594acd3a778bc4f734a .post-entry-content {\n    padding: 20px;\n  }\n  #page .blog-shortcode.blog-masonry-shortcode-id-092f52ce8e334594acd3a778bc4f734a .entry-title {\n    margin: 3px 0 5px;\n    font-size: 20px;\n    line-height: 26px;\n  }\n  #page .blog-shortcode.blog-masonry-shortcode-id-092f52ce8e334594acd3a778bc4f734a .entry-meta {\n    margin: 5px 0 5px;\n  }\n  #page .blog-shortcode.blog-masonry-shortcode-id-092f52ce8e334594acd3a778bc4f734a .entry-excerpt {\n    margin: 15px 0 0;\n  }\n  #page .blog-shortcode.blog-masonry-shortcode-id-092f52ce8e334594acd3a778bc4f734a .post-details {\n    margin: 5px 0 10px;\n  }\n  #page .blog-shortcode.blog-masonry-shortcode-id-092f52ce8e334594acd3a778bc4f734a .post-details.details-type-link {\n    margin-bottom: 2px;\n  }\n}\n.blog-shortcode.blog-masonry-shortcode-id-092f52ce8e334594acd3a778bc4f734a:not(.resize-by-browser-width) .dt-css-grid {\n  grid-row-gap: 30px;\n  grid-column-gap: 30px;\n  grid-template-columns: repeat(auto-fill,minmax(,1fr));\n}\n.blog-shortcode.blog-masonry-shortcode-id-092f52ce8e334594acd3a778bc4f734a:not(.resize-by-browser-width) .dt-css-grid .double-width {\n  grid-column: span 2;\n}\n.cssgridlegacy.no-cssgrid .blog-shortcode.blog-masonry-shortcode-id-092f52ce8e334594acd3a778bc4f734a:not(.resize-by-browser-width) .dt-css-grid,\n.no-cssgridlegacy.no-cssgrid .blog-shortcode.blog-masonry-shortcode-id-092f52ce8e334594acd3a778bc4f734a:not(.resize-by-browser-width) .dt-css-grid {\n  display: flex;\n  flex-flow: row wrap;\n  margin: -15px;\n}\n.cssgridlegacy.no-cssgrid .blog-shortcode.blog-masonry-shortcode-id-092f52ce8e334594acd3a778bc4f734a:not(.resize-by-browser-width) .dt-css-grid .wf-cell,\n.no-cssgridlegacy.no-cssgrid .blog-shortcode.blog-masonry-shortcode-id-092f52ce8e334594acd3a778bc4f734a:not(.resize-by-browser-width) .dt-css-grid .wf-cell {\n  flex: 1 0 ;\n  max-width: 100%;\n  padding: 15px;\n  box-sizing: border-box;\n}\n.blog-shortcode.blog-masonry-shortcode-id-092f52ce8e334594acd3a778bc4f734a.resize-by-browser-width .dt-css-grid {\n  grid-template-columns: repeat(3,1fr);\n  grid-template-rows: auto;\n  grid-column-gap: 30px;\n  grid-row-gap: 30px;\n}\n.blog-shortcode.blog-masonry-shortcode-id-092f52ce8e334594acd3a778bc4f734a.resize-by-browser-width .dt-css-grid .double-width {\n  grid-column: span 2;\n}\n.cssgridlegacy.no-cssgrid .blog-shortcode.blog-masonry-shortcode-id-092f52ce8e334594acd3a778bc4f734a.resize-by-browser-width .dt-css-grid {\n  margin: -15px;\n}\n.cssgridlegacy.no-cssgrid .blog-shortcode.blog-masonry-shortcode-id-092f52ce8e334594acd3a778bc4f734a.resize-by-browser-width .dt-css-grid .wf-cell {\n  width: 33.333333333333%;\n  padding: 15px;\n}\n.cssgridlegacy.no-cssgrid .blog-shortcode.blog-masonry-shortcode-id-092f52ce8e334594acd3a778bc4f734a.resize-by-browser-width .dt-css-grid .wf-cell.double-width {\n  width: calc(33.333333333333%) * 2;\n}\n.blog-shortcode.blog-masonry-shortcode-id-092f52ce8e334594acd3a778bc4f734a.resize-by-browser-width:not(.centered-layout-list):not(.content-bg-on) .dt-css-grid {\n  grid-row-gap: 0px;\n}\n@media screen and (max-width: 1199px) {\n  .blog-shortcode.blog-masonry-shortcode-id-092f52ce8e334594acd3a778bc4f734a.resize-by-browser-width .dt-css-grid {\n    grid-template-columns: repeat(3,1fr);\n  }\n  .cssgridlegacy.no-cssgrid .blog-shortcode.blog-masonry-shortcode-id-092f52ce8e334594acd3a778bc4f734a.resize-by-browser-width .dt-css-grid .wf-cell,\n  .no-cssgridlegacy.no-cssgrid .blog-shortcode.blog-masonry-shortcode-id-092f52ce8e334594acd3a778bc4f734a.resize-by-browser-width .dt-css-grid .wf-cell {\n    width: 33.333333333333%;\n  }\n  .cssgridlegacy.no-cssgrid .blog-shortcode.blog-masonry-shortcode-id-092f52ce8e334594acd3a778bc4f734a.resize-by-browser-width .dt-css-grid .wf-cell.double-width,\n  .no-cssgridlegacy.no-cssgrid .blog-shortcode.blog-masonry-shortcode-id-092f52ce8e334594acd3a778bc4f734a.resize-by-browser-width .dt-css-grid .wf-cell.double-width {\n    width: calc(33.333333333333%)*2;\n  }\n}\n@media screen and (max-width: 991px) {\n  .blog-shortcode.blog-masonry-shortcode-id-092f52ce8e334594acd3a778bc4f734a.resize-by-browser-width .dt-css-grid {\n    grid-template-columns: repeat(2,1fr);\n  }\n  .cssgridlegacy.no-cssgrid .blog-shortcode.blog-masonry-shortcode-id-092f52ce8e334594acd3a778bc4f734a.resize-by-browser-width .dt-css-grid .wf-cell,\n  .no-cssgridlegacy.no-cssgrid .blog-shortcode.blog-masonry-shortcode-id-092f52ce8e334594acd3a778bc4f734a.resize-by-browser-width .dt-css-grid .wf-cell {\n    width: 50%;\n  }\n  .cssgridlegacy.no-cssgrid .blog-shortcode.blog-masonry-shortcode-id-092f52ce8e334594acd3a778bc4f734a.resize-by-browser-width .dt-css-grid .wf-cell.double-width,\n  .no-cssgridlegacy.no-cssgrid .blog-shortcode.blog-masonry-shortcode-id-092f52ce8e334594acd3a778bc4f734a.resize-by-browser-width .dt-css-grid .wf-cell.double-width {\n    width: calc(50%)*2;\n  }\n}\n@media screen and (max-width: 767px) {\n  .blog-shortcode.blog-masonry-shortcode-id-092f52ce8e334594acd3a778bc4f734a.resize-by-browser-width .dt-css-grid {\n    grid-template-columns: repeat(1,1fr);\n  }\n  .blog-shortcode.blog-masonry-shortcode-id-092f52ce8e334594acd3a778bc4f734a.resize-by-browser-width .dt-css-grid .double-width {\n    grid-column: span 1;\n  }\n  .cssgridlegacy.no-cssgrid .blog-shortcode.blog-masonry-shortcode-id-092f52ce8e334594acd3a778bc4f734a.resize-by-browser-width .dt-css-grid .wf-cell,\n  .no-cssgridlegacy.no-cssgrid .blog-shortcode.blog-masonry-shortcode-id-092f52ce8e334594acd3a778bc4f734a.resize-by-browser-width .dt-css-grid .wf-cell {\n    width: 100%;\n  }\n  .cssgridlegacy.no-cssgrid .blog-shortcode.blog-masonry-shortcode-id-092f52ce8e334594acd3a778bc4f734a.resize-by-browser-width .dt-css-grid .wf-cell.double-width,\n  .no-cssgridlegacy.no-cssgrid .blog-shortcode.blog-masonry-shortcode-id-092f52ce8e334594acd3a778bc4f734a.resize-by-browser-width .dt-css-grid .wf-cell.double-width {\n    width: calc(100%)*2;\n  }\n}\n<\/style><div class=\"blog-shortcode blog-masonry-shortcode-id-092f52ce8e334594acd3a778bc4f734a mode-grid classic-layout-list circle-fancy-style scale-img dt-css-grid-wrap dt-icon-bg-off resize-by-browser-width loading-effect-fade-in description-under-image \" data-padding=\"15px\" data-cur-page=\"1\" data-post-limit=\"-1\" data-pagination-mode=\"pages\" data-desktop-columns-num=\"3\" data-v-tablet-columns-num=\"2\" data-h-tablet-columns-num=\"3\" data-phone-columns-num=\"1\" data-width=\"0px\" data-columns=\"0\"><div class=\"dt-css-grid\" ><div class=\"visible wf-cell\" data-post-id=\"15569\" data-date=\"2018-10-02T16:06:38+02:00\" data-name=\"Ajuts a les inversions destinades a l&#039;aplicaci\u00f3 del Desenvolupament Local Participatiu LEADER\"><article class=\"post project-odd visible post-15569 type-post status-publish format-standard has-post-thumbnail hentry category-novetats tag-subvencions category-38\" data-name=\"Ajuts a les inversions destinades a l&#8217;aplicaci\u00f3 del Desenvolupament Local Participatiu LEADER\" data-date=\"2018-10-02T16:06:38+02:00\">\n\n<div class=\"post-thumbnail-wrap\">\n\t<div class=\"post-thumbnail\">\n\t\t\n\t\t\n\t\t<a href=\"https:\/\/ilernova.com\/ca\/ajuts-a-les-inversions-destinades-a-laplicacio-del-desenvolupament-local-participatiu-leader\/\" class=\"post-thumbnail-rollover layzr-bg layzr-bg\" ><img class=\"iso-lazy-load preload-me iso-lazy-load\" src=\"data:image\/svg+xml,%3Csvg%20xmlns%3D&#39;http%3A%2F%2Fwww.w3.org%2F2000%2Fsvg&#39;%20viewBox%3D&#39;0%200%20768%20512&#39;%2F%3E\" data-src=\"https:\/\/ilernova.com\/wp-content\/uploads\/2018\/10\/money-2696219_1920-768x512.jpg\" data-srcset=\"https:\/\/ilernova.com\/wp-content\/uploads\/2018\/10\/money-2696219_1920-768x512.jpg 768w, https:\/\/ilernova.com\/wp-content\/uploads\/2018\/10\/money-2696219_1920-1152x768.jpg 1152w\" alt=\"ayudas leader\" title=\"money-2696219_1920\" width=\"768\" height=\"512\"  \/><\/a>\t<\/div>\n<\/div>\n\n\n<div class=\"post-entry-content\">\n\n\t<h3 class=\"entry-title\">\n\t\t<a href=\"https:\/\/ilernova.com\/ca\/ajuts-a-les-inversions-destinades-a-laplicacio-del-desenvolupament-local-participatiu-leader\/\" title=\"Ajuts a les inversions destinades a l&#8217;aplicaci\u00f3 del Desenvolupament Local Participatiu LEADER\" rel=\"bookmark\">Ajuts a les inversions destinades a l&#8217;aplicaci\u00f3 del Desenvolupament Local Participatiu LEADER<\/a>\n\t<\/h3>\n\n\t<div class=\"entry-meta\"><span class=\"category-link\"><a href=\"https:\/\/ilernova.com\/ca\/category\/novetats\/\" >Novetats<\/a><\/span><a href=\"https:\/\/ilernova.com\/ca\/2018\/10\/02\/\" title=\"4:06 pm\" class=\"data-link\" rel=\"bookmark\"><time class=\"entry-date updated\" datetime=\"2018-10-02T16:06:38+02:00\">octubre 2, 2018<\/time><\/a><\/div>\n\t<div class=\"entry-excerpt\"><p>Ajuts a les inversions destinades a l&#8217;aplicaci\u00f3 del Desenvolupament Local Participatiu LEADER OBJECTE Ajuts per a incentivar actuacions que fomentin el desenvolupament local i fomentar la diversificaci\u00f3 de l\u2019economia rural, incloent: &nbsp; La construcci\u00f3 i la compra de b\u00e9ns immobles, aix\u00ed com la millora de l\u2019obra civil. L\u2019adquisici\u00f3 i la instal\u00b7laci\u00f3 de nova maquin\u00e0ria i&hellip;<\/p>\n<\/div>\n\t\n<a href=\"https:\/\/ilernova.com\/ca\/ajuts-a-les-inversions-destinades-a-laplicacio-del-desenvolupament-local-participatiu-leader\/\" class=\"post-details details-type-link\" aria-label=\"Read more about Ajuts a les inversions destinades a l&#8217;aplicaci\u00f3 del Desenvolupament Local Participatiu LEADER\">Llegir m\u00e9s<i class=\"dt-icon-the7-arrow-03\" aria-hidden=\"true\"><\/i><\/a>\n\n<\/div><\/article><\/div><div class=\"visible wf-cell\" data-post-id=\"15596\" data-date=\"2018-09-21T13:07:00+02:00\" data-name=\"El Govern aprovar\u00e0\u00a0avui\u00a0la modificaci\u00f3\u00a0de fons i\u00a0programes\u00a0operatius\u00a0OPFH\"><article class=\"post project-odd visible post-15596 type-post status-publish format-standard has-post-thumbnail hentry category-normativa-sector-agroalimentario-ca tag-opfh-ca category-57\" data-name=\"El Govern aprovar\u00e0\u00a0avui\u00a0la modificaci\u00f3\u00a0de fons i\u00a0programes\u00a0operatius\u00a0OPFH\" data-date=\"2018-09-21T13:07:00+02:00\">\n\n<div class=\"post-thumbnail-wrap\">\n\t<div class=\"post-thumbnail\">\n\t\t\n\t\t\n\t\t<a href=\"https:\/\/ilernova.com\/ca\/el-govern-aprovara-avui-la-modificacio-de-fons-i-programes-operatius-opfh\/\" class=\"post-thumbnail-rollover layzr-bg layzr-bg\" ><img class=\"iso-lazy-load preload-me iso-lazy-load\" src=\"data:image\/svg+xml,%3Csvg%20xmlns%3D&#39;http%3A%2F%2Fwww.w3.org%2F2000%2Fsvg&#39;%20viewBox%3D&#39;0%200%20768%20512&#39;%2F%3E\" data-src=\"https:\/\/ilernova.com\/wp-content\/uploads\/2018\/10\/judge-3665164_1920-768x512.jpg\" data-srcset=\"https:\/\/ilernova.com\/wp-content\/uploads\/2018\/10\/judge-3665164_1920-768x512.jpg 768w, https:\/\/ilernova.com\/wp-content\/uploads\/2018\/10\/judge-3665164_1920-1152x768.jpg 1152w\" alt=\"opfh aprobaci\u00f3n\" title=\"judge-3665164_1920\" width=\"768\" height=\"512\"  \/><\/a>\t<\/div>\n<\/div>\n\n\n<div class=\"post-entry-content\">\n\n\t<h3 class=\"entry-title\">\n\t\t<a href=\"https:\/\/ilernova.com\/ca\/el-govern-aprovara-avui-la-modificacio-de-fons-i-programes-operatius-opfh\/\" title=\"El Govern aprovar\u00e0\u00a0avui\u00a0la modificaci\u00f3\u00a0de fons i\u00a0programes\u00a0operatius\u00a0OPFH\" rel=\"bookmark\">El Govern aprovar\u00e0\u00a0avui\u00a0la modificaci\u00f3\u00a0de fons i\u00a0programes\u00a0operatius\u00a0OPFH<\/a>\n\t<\/h3>\n\n\t<div class=\"entry-meta\"><span class=\"category-link\"><a href=\"https:\/\/ilernova.com\/ca\/category\/normativa-sector-agroalimentario-ca\/\" >Normativa<\/a><\/span><a href=\"https:\/\/ilernova.com\/ca\/2018\/09\/21\/\" title=\"1:07 pm\" class=\"data-link\" rel=\"bookmark\"><time class=\"entry-date updated\" datetime=\"2018-09-21T13:07:00+02:00\">setembre 21, 2018<\/time><\/a><\/div>\n\t<div class=\"entry-excerpt\"><p>El Govern aprovar\u00e0\u00a0avui\u00a0la modificaci\u00f3\u00a0de fons i\u00a0programes\u00a0operatius\u00a0OPFH El Consell de\u00a0Ministres\u00a0aprovar\u00e0 avui\u00a0la substituci\u00f3\u00a0del Reial\u00a0Decret\u00a0533\/2017\u00a0que regula els\u00a0fons\u00a0i els\u00a0programes\u00a0operatius de\u00a0les\u00a0organitzacions\u00a0de productors delsector\u00a0de fruites\u00a0i\u00a0hortalisses. El\u00a0nou reial\u00a0decret\u00a0inclour\u00e0 una\u00a0disposici\u00f3\u00a0transit\u00f2ria per\u00a02018\u00a0que tindr\u00e0\u00a0efectesretroactius\u00a0i\u00a0que posposa\u00a0la data\u00a0del &#8220;15\u00a0de setembre&#8221;\u00a0fins al\u00a0&#8220;15 de\u00a0octubre&#8221;\u00a0en part del seu\u00a0articulat.<\/p>\n<\/div>\n\t\n<a href=\"https:\/\/ilernova.com\/ca\/el-govern-aprovara-avui-la-modificacio-de-fons-i-programes-operatius-opfh\/\" class=\"post-details details-type-link\" aria-label=\"Read more about El Govern aprovar\u00e0\u00a0avui\u00a0la modificaci\u00f3\u00a0de fons i\u00a0programes\u00a0operatius\u00a0OPFH\">Llegir m\u00e9s<i class=\"dt-icon-the7-arrow-03\" aria-hidden=\"true\"><\/i><\/a>\n\n<\/div><\/article><\/div><div class=\"visible wf-cell\" data-post-id=\"15337\" data-date=\"2018-06-01T10:24:19+02:00\" data-name=\"Nova p\u00e0gina web d&#039;Ilernova\"><article class=\"post project-odd visible post-15337 type-post status-publish format-standard has-post-thumbnail hentry category-novetats category-38\" data-name=\"Nova p\u00e0gina web d&#8217;Ilernova\" data-date=\"2018-06-01T10:24:19+02:00\">\n\n<div class=\"post-thumbnail-wrap\">\n\t<div class=\"post-thumbnail\">\n\t\t\n\t\t\n\t\t<a href=\"https:\/\/ilernova.com\/ca\/nueva-pagina-web-de-ilernova\/\" class=\"post-thumbnail-rollover layzr-bg layzr-bg\" ><img class=\"iso-lazy-load preload-me iso-lazy-load\" src=\"data:image\/svg+xml,%3Csvg%20xmlns%3D&#39;http%3A%2F%2Fwww.w3.org%2F2000%2Fsvg&#39;%20viewBox%3D&#39;0%200%20768%20512&#39;%2F%3E\" data-src=\"https:\/\/ilernova.com\/wp-content\/uploads\/2018\/06\/mockup_noticia-768x512.jpg\" data-srcset=\"https:\/\/ilernova.com\/wp-content\/uploads\/2018\/06\/mockup_noticia-768x512.jpg 768w, https:\/\/ilernova.com\/wp-content\/uploads\/2018\/06\/mockup_noticia-1152x768.jpg 1152w\" alt=\"\" title=\"mockup_noticia\" width=\"768\" height=\"512\"  \/><\/a>\t<\/div>\n<\/div>\n\n\n<div class=\"post-entry-content\">\n\n\t<h3 class=\"entry-title\">\n\t\t<a href=\"https:\/\/ilernova.com\/ca\/nueva-pagina-web-de-ilernova\/\" title=\"Nova p\u00e0gina web d&#8217;Ilernova\" rel=\"bookmark\">Nova p\u00e0gina web d&#8217;Ilernova<\/a>\n\t<\/h3>\n\n\t<div class=\"entry-meta\"><span class=\"category-link\"><a href=\"https:\/\/ilernova.com\/ca\/category\/novetats\/\" >Novetats<\/a><\/span><a href=\"https:\/\/ilernova.com\/ca\/2018\/06\/01\/\" title=\"10:24 am\" class=\"data-link\" rel=\"bookmark\"><time class=\"entry-date updated\" datetime=\"2018-06-01T10:24:19+02:00\">juny 1, 2018<\/time><\/a><\/div>\n\t<div class=\"entry-excerpt\"><p>Presentem la nova p\u00e0gina web d&#8217;ILERNOVA, actualitzada, atractiva, adaptable a tot tipus de dispositius &#8220;responsive&#8221; i optimitzada per les diferents plataformes.<\/p>\n<\/div>\n\t\n<a href=\"https:\/\/ilernova.com\/ca\/nueva-pagina-web-de-ilernova\/\" class=\"post-details details-type-link\" aria-label=\"Read more about Nova p\u00e0gina web d&#8217;Ilernova\">Llegir m\u00e9s<i class=\"dt-icon-the7-arrow-03\" aria-hidden=\"true\"><\/i><\/a>\n\n<\/div><\/article><\/div><\/div><!-- iso-container|iso-grid --><\/div>[vc_empty_space height=&#8221;50px&#8221;][\/vc_column][\/vc_row]<\/p>\n","protected":false},"excerpt":{"rendered":"<p>[vc_row bg_type=&#8221;bg_color&#8221; bg_override=&#8221;ex-full&#8221; type=&#8221;vc_default&#8221; margin_top=&#8221;-50&#8243; anchor=&#8221;about&#8221; bg_color_value=&#8221;#ffffff&#8221; css=&#8221;.vc_custom_1521461107010{padding-top: 40px !important;padding-bottom: 40px !important;}&#8221; el_id=&#8221;about&#8221;][vc_column][vc_empty_space height=&#8221;50px&#8221;][vc_empty_space height=&#8221;50px&#8221;][\/vc_column][\/vc_row]<\/p>\n","protected":false},"author":2,"featured_media":0,"parent":0,"menu_order":5,"comment_status":"closed","ping_status":"closed","template":"","meta":{"spay_email":""},"jetpack_sharing_enabled":false,"jetpack_shortlink":"https:\/\/wp.me\/PaezBV-3ZE","jetpack_likes_enabled":true,"_links":{"self":[{"href":"https:\/\/ilernova.com\/ca\/wp-json\/wp\/v2\/pages\/15354"}],"collection":[{"href":"https:\/\/ilernova.com\/ca\/wp-json\/wp\/v2\/pages"}],"about":[{"href":"https:\/\/ilernova.com\/ca\/wp-json\/wp\/v2\/types\/page"}],"author":[{"embeddable":true,"href":"https:\/\/ilernova.com\/ca\/wp-json\/wp\/v2\/users\/2"}],"replies":[{"embeddable":true,"href":"https:\/\/ilernova.com\/ca\/wp-json\/wp\/v2\/comments?post=15354"}],"version-history":[{"count":5,"href":"https:\/\/ilernova.com\/ca\/wp-json\/wp\/v2\/pages\/15354\/revisions"}],"predecessor-version":[{"id":15389,"href":"https:\/\/ilernova.com\/ca\/wp-json\/wp\/v2\/pages\/15354\/revisions\/15389"}],"wp:attachment":[{"href":"https:\/\/ilernova.com\/ca\/wp-json\/wp\/v2\/media?parent=15354"}],"curies":[{"name":"wp","href":"https:\/\/api.w.org\/{rel}","templated":true}]}}