{"id":15346,"date":"2018-03-19T17:09:55","date_gmt":"2018-03-19T16:09:55","guid":{"rendered":"http:\/\/ilernova.com.91-142-220-242.panelserver.org\/servicios\/consultoria-agraria-opfh-programas-operativos\/"},"modified":"2018-10-18T15:51:17","modified_gmt":"2018-10-18T13:51:17","slug":"consultoria-agraria-o-p-f-h-programes-operatius","status":"publish","type":"page","link":"https:\/\/ilernova.com\/ca\/serveis\/consultoria-agraria-o-p-f-h-programes-operatius\/","title":{"rendered":"Consultoria Agr\u00e0ria &#8211; O.P.F.H. &#8211; Programes Operatius"},"content":{"rendered":"<p>[vc_row bg_type=&#8221;bg_color&#8221; bg_override=&#8221;ex-full&#8221; type=&#8221;vc_default&#8221; margin_top=&#8221;-50&#8243; anchor=&#8221;about&#8221; bg_color_value=&#8221;#ffffff&#8221; css=&#8221;.vc_custom_1521461107010{padding-top: 40px !important;padding-bottom: 40px !important;}&#8221; el_id=&#8221;about&#8221;][vc_column]<div id=\"ultimate-heading-473369f0f1ca92b85\" class=\"uvc-heading ult-adjust-bottom-margin ultimate-heading-473369f0f1ca92b85 uvc-2012 \" data-hspacer=\"line_only\"  data-halign=\"center\" style=\"text-align:center\"><div class=\"uvc-main-heading ult-responsive\"  data-ultimate-target='.uvc-heading.ultimate-heading-473369f0f1ca92b85 h2'  data-responsive-json-new='{\"font-size\":\"desktop:56px;mobile_landscape:40px;\",\"line-height\":\"desktop:66px;mobile_landscape:50px;\"}' ><h2 style=\"--font-weight:theme;margin-bottom:5px;\">SERVEIS<\/h2><\/div><div class=\"uvc-heading-spacer line_only\" style=\"margin-top:25px;margin-bottom:25px;height:1px;\"><span class=\"uvc-headings-line\" style=\"border-style:solid;border-bottom-width:1px;border-color:#b01e22;width:350px;\"><\/span><\/div><div class=\"uvc-sub-heading ult-responsive\"  data-ultimate-target='.uvc-heading.ultimate-heading-473369f0f1ca92b85 .uvc-sub-heading '  data-responsive-json-new='{\"font-size\":\"desktop:26px;mobile_landscape:20px;\",\"line-height\":\"desktop:36px;mobile_landscape:30px;\"}'  style=\"font-weight:normal;color:#adb0b6;margin-bottom:5px;\"><\/p>\n<p class=\"aio-icon-title ult-responsive\" data-ultimate-target=\"#Info-box-wrap-9965 .aio-icon-title\" data-responsive-json-new=\"{&quot;font-size&quot;:&quot;desktop:18px;&quot;,&quot;line-height&quot;:&quot;desktop:30px;&quot;}\">Consultoria Agr\u00e0ria &#8211; O.P.F.H. &#8211; Programes Operatius<\/p>\n<p><\/div><\/div>[\/vc_column][\/vc_row][vc_row full_width=&#8221;stretch_row&#8221;][vc_column width=&#8221;1\/2&#8243;][vc_column_text css_animation=&#8221;fadeInLeft&#8221;]<\/p>\n<ul class=\"fusion-checklist fusion-checklist-1\">\n<li class=\"fusion-li-item\">\n<div class=\"fusion-li-item-content\">Constituci\u00f3 de societats agr\u00e0ries: SAT&#8217;s i COOPERATIVES.<\/div>\n<\/li>\n<li class=\"fusion-li-item\">\n<div class=\"fusion-li-item-content\">Qualificaci\u00f3 de organitzacions de productors (OPFH&#8217;s).<\/div>\n<\/li>\n<li class=\"fusion-li-item\">\n<div class=\"fusion-li-item-content\">Sol\u00b7licitud i tramitaci\u00f3 de PROGRAMES OPERATIUS per a les OPFH&#8217;s.<\/div>\n<\/li>\n<li class=\"fusion-li-item\">\n<div class=\"fusion-li-item-content\">Tramitaci\u00f3 de qualsevol altres subvencions (FEADER&#8217;s, LEADER&#8217;s, etc ..).<\/div>\n<\/li>\n<\/ul>\n<p>[\/vc_column_text][vc_empty_space height=&#8221;45px&#8221;][vc_single_image image=&#8221;15152&#8243; img_size=&#8221;full&#8221; alignment=&#8221;center&#8221; css_animation=&#8221;fadeInRight&#8221;][vc_empty_space height=&#8221;45px&#8221;][\/vc_column][vc_column width=&#8221;1\/2&#8243;][vc_row_inner][vc_column_inner width=&#8221;1\/3&#8243;][\/vc_column_inner][vc_column_inner width=&#8221;2\/3&#8243; css=&#8221;.vc_custom_1521478034767{padding: 32px !important;background-color: #f7f7f7 !important;}&#8221;]<div id=\"ultimate-heading-197069f0f1ca92bc7\" class=\"uvc-heading ult-adjust-bottom-margin ultimate-heading-197069f0f1ca92bc7 uvc-6214 \" data-hspacer=\"line_only\"  data-halign=\"left\" style=\"text-align:left\"><div class=\"uvc-main-heading ult-responsive\"  data-ultimate-target='.uvc-heading.ultimate-heading-197069f0f1ca92bc7 h2'  data-responsive-json-new='{\"font-size\":\"desktop:24px;mobile_landscape:24px;\",\"line-height\":\"desktop:30px;mobile_landscape:30px;\"}' ><h2 style=\"font-weight:bold;margin-bottom:5px;\">DEMANAR INFORMACI\u00d3<\/h2><\/div><div class=\"uvc-heading-spacer line_only\" style=\"margin-top:15px;margin-bottom:15px;height:1px;\"><span class=\"uvc-headings-line\" style=\"border-style:dotted;border-bottom-width:1px;border-color:#b01e22;width:350px;\"><\/span><\/div><\/div><div role=\"form\" class=\"wpcf7\" id=\"wpcf7-f15380-o1\" lang=\"es-ES\" dir=\"ltr\">\n<div class=\"screen-reader-response\"><p role=\"status\" aria-live=\"polite\" aria-atomic=\"true\"><\/p> <ul><\/ul><\/div>\n<form action=\"\/ca\/wp-json\/wp\/v2\/pages\/15346#wpcf7-f15380-o1\" method=\"post\" class=\"wpcf7-form init\" novalidate=\"novalidate\" data-status=\"init\">\n<div style=\"display: none;\">\n<input type=\"hidden\" name=\"_wpcf7\" value=\"15380\" \/>\n<input type=\"hidden\" name=\"_wpcf7_version\" value=\"5.5.6\" \/>\n<input type=\"hidden\" name=\"_wpcf7_locale\" value=\"es_ES\" \/>\n<input type=\"hidden\" name=\"_wpcf7_unit_tag\" value=\"wpcf7-f15380-o1\" \/>\n<input type=\"hidden\" name=\"_wpcf7_container_post\" value=\"0\" \/>\n<input type=\"hidden\" name=\"_wpcf7_posted_data_hash\" value=\"\" \/>\n<input type=\"hidden\" name=\"_wpcf7_recaptcha_response\" value=\"\" \/>\n<\/div>\n<p><label> Nom *<br \/>\n    <span class=\"wpcf7-form-control-wrap your-name\"><input type=\"text\" name=\"your-name\" value=\"\" size=\"40\" class=\"wpcf7-form-control wpcf7-text wpcf7-validates-as-required\" aria-required=\"true\" aria-invalid=\"false\" \/><\/span> <\/label><\/p>\n<p><label> Email *<br \/>\n    <span class=\"wpcf7-form-control-wrap your-email\"><input type=\"email\" name=\"your-email\" value=\"\" size=\"40\" class=\"wpcf7-form-control wpcf7-text wpcf7-email wpcf7-validates-as-required wpcf7-validates-as-email\" aria-required=\"true\" aria-invalid=\"false\" \/><\/span> <\/label><\/p>\n<p><label> Tel\u00e8fon *<br \/>\n    <span class=\"wpcf7-form-control-wrap your-tel\"><input type=\"text\" name=\"your-tel\" value=\"\" size=\"40\" class=\"wpcf7-form-control wpcf7-text wpcf7-validates-as-required\" aria-required=\"true\" aria-invalid=\"false\" \/><\/span> <\/label><\/p>\n<p><label> Assumpte<br \/>\n    <span class=\"wpcf7-form-control-wrap your-subject\"><input type=\"text\" name=\"your-subject\" value=\"\" size=\"40\" class=\"wpcf7-form-control wpcf7-text\" aria-invalid=\"false\" \/><\/span> <\/label><\/p>\n<p><label> Missatge<br \/>\n    <span class=\"wpcf7-form-control-wrap your-message\"><textarea name=\"your-message\" cols=\"40\" rows=\"10\" class=\"wpcf7-form-control wpcf7-textarea\" aria-invalid=\"false\"><\/textarea><\/span> <\/label><\/p>\n<p><span class=\"wpcf7-form-control-wrap rgpd-accepto\"><span class=\"wpcf7-form-control wpcf7-acceptance\"><span class=\"wpcf7-list-item\"><input type=\"checkbox\" name=\"rgpd-accepto\" value=\"1\" aria-invalid=\"false\" \/><\/span><\/span><\/span> He llegit i accepto <a href=\"\/politica-de-privacitat\" target=\"_blank\">pol\u00edtica de privacitat<\/a><\/p>\n<p style=\"font-size:12px; line-height:12px; text-align:justify;\">\nTractem la informaci\u00f3 que ens facilita per tal d'enviar-li publicitat relacionada amb els nostres productes i serveis per qualsevol mitj\u00e0 (postal, correu electr\u00f2nic o tel\u00e8fon) i convidar-lo a esdeveniments organitzats per l'empresa. Les dades proporcionades es conservaran mentre no sol\u00b7liciti el cessament de l'activitat. Les dades no se cediran a tercers excepte en els casos en qu\u00e8 hi hagi una obligaci\u00f3 legal. Vost\u00e8 t\u00e9 dret a obtenir confirmaci\u00f3 sobre si en ILERNOVA CONSULTORIA ENGINYERIA SL estem tractant les seves dades personals per tant t\u00e9 dret a accedir a les seves dades personals, rectificar les dades inexactes o sol\u00b7licitar la seva supressi\u00f3 quan les dades ja no siguin necessaris per als fins que van ser recollits.\n<\/p>\n<p><span class=\"wpcf7-form-control-wrap rgpd-consentiments\"><span class=\"wpcf7-form-control wpcf7-checkbox\"><span class=\"wpcf7-list-item first last\"><label><input type=\"checkbox\" name=\"rgpd-consentiments[]\" value=\"Si, desitjo rebre correus comercials\" \/><span class=\"wpcf7-list-item-label\">Si, desitjo rebre correus comercials<\/span><\/label><\/span><\/span><\/span><\/p>\n<p><label>\n\n<p> <\/label><\/p>\n<p><input type=\"submit\" value=\"Enviar missatge\" class=\"wpcf7-form-control has-spinner wpcf7-submit\" \/><\/p>\n<p>* Camps obligatoris<\/p>\n<div class=\"wpcf7-response-output\" aria-hidden=\"true\"><\/div><\/form><\/div>[\/vc_column_inner][\/vc_row_inner][vc_empty_space height=&#8221;45px&#8221;][\/vc_column][\/vc_row]<\/p>\n","protected":false},"excerpt":{"rendered":"<p>[vc_row bg_type=&#8221;bg_color&#8221; bg_override=&#8221;ex-full&#8221; type=&#8221;vc_default&#8221; margin_top=&#8221;-50&#8243; anchor=&#8221;about&#8221; bg_color_value=&#8221;#ffffff&#8221; css=&#8221;.vc_custom_1521461107010{padding-top: 40px !important;padding-bottom: 40px !important;}&#8221; el_id=&#8221;about&#8221;][vc_column][\/vc_column][\/vc_row][vc_row full_width=&#8221;stretch_row&#8221;][vc_column width=&#8221;1\/2&#8243;][vc_column_text css_animation=&#8221;fadeInLeft&#8221;] Constituci\u00f3 de societats agr\u00e0ries: SAT&#8217;s i COOPERATIVES. Qualificaci\u00f3 de organitzacions de productors (OPFH&#8217;s). Sol\u00b7licitud i tramitaci\u00f3 de PROGRAMES OPERATIUS per a les OPFH&#8217;s. Tramitaci\u00f3 de qualsevol altres subvencions (FEADER&#8217;s, LEADER&#8217;s, etc ..). [\/vc_column_text][vc_empty_space height=&#8221;45px&#8221;][vc_single_image image=&#8221;15152&#8243; img_size=&#8221;full&#8221; alignment=&#8221;center&#8221; css_animation=&#8221;fadeInRight&#8221;][vc_empty_space height=&#8221;45px&#8221;][\/vc_column][vc_column&hellip;<\/p>\n","protected":false},"author":2,"featured_media":0,"parent":15345,"menu_order":1,"comment_status":"closed","ping_status":"closed","template":"","meta":{"spay_email":""},"jetpack_sharing_enabled":true,"jetpack_shortlink":"https:\/\/wp.me\/PaezBV-3Zw","jetpack_likes_enabled":true,"_links":{"self":[{"href":"https:\/\/ilernova.com\/ca\/wp-json\/wp\/v2\/pages\/15346"}],"collection":[{"href":"https:\/\/ilernova.com\/ca\/wp-json\/wp\/v2\/pages"}],"about":[{"href":"https:\/\/ilernova.com\/ca\/wp-json\/wp\/v2\/types\/page"}],"author":[{"embeddable":true,"href":"https:\/\/ilernova.com\/ca\/wp-json\/wp\/v2\/users\/2"}],"replies":[{"embeddable":true,"href":"https:\/\/ilernova.com\/ca\/wp-json\/wp\/v2\/comments?post=15346"}],"version-history":[{"count":7,"href":"https:\/\/ilernova.com\/ca\/wp-json\/wp\/v2\/pages\/15346\/revisions"}],"predecessor-version":[{"id":15434,"href":"https:\/\/ilernova.com\/ca\/wp-json\/wp\/v2\/pages\/15346\/revisions\/15434"}],"up":[{"embeddable":true,"href":"https:\/\/ilernova.com\/ca\/wp-json\/wp\/v2\/pages\/15345"}],"wp:attachment":[{"href":"https:\/\/ilernova.com\/ca\/wp-json\/wp\/v2\/media?parent=15346"}],"curies":[{"name":"wp","href":"https:\/\/api.w.org\/{rel}","templated":true}]}}