{"id":15343,"date":"2018-06-01T10:54:35","date_gmt":"2018-06-01T08:54:35","guid":{"rendered":"http:\/\/ilernova.com.91-142-220-242.panelserver.org\/politica-de-privacidad\/"},"modified":"2018-06-21T09:35:07","modified_gmt":"2018-06-21T07:35:07","slug":"politica-de-privacitat","status":"publish","type":"page","link":"https:\/\/ilernova.com\/ca\/politica-de-privacitat\/","title":{"rendered":"Pol\u00edtica de Privacitat"},"content":{"rendered":"<p>&nbsp;<\/p>\n<h2><strong>Av\u00eds legal<\/strong><\/h2>\n<p>Termes i condicions relatius a la protecci\u00f3 de dades de l\u2019empresa ILERNOVA CONSULTORIA ENGINYERIA SL.<\/p>\n<p>&nbsp;<\/p>\n<h4><strong>Principis b\u00e0sics<\/strong><\/h4>\n<p>A ILERNOVA CONSULTORIA ENGINYERIA SL \u00e9s una prioritat el respecte i la protecci\u00f3 de les dades personals dels usuaris. Com a usuari ha de saber que els seus drets estan garantits en aquest web.<\/p>\n<p>Ens hem esfor\u00e7at a crear un espai segur i fiable i per aix\u00f2 compartim els nostres principis respecte a la seva privacitat:<\/p>\n<ul>\n<li>Mai sol\u00b7licitem informaci\u00f3 personal a menys que realment sigui necess\u00e0ria per prestar-li els serveis que ens requereixi.<\/li>\n<li>Mai compartim informaci\u00f3 personal dels nostres usuaris amb ning\u00fa, excepte per complir amb la llei o en cas que comptem amb la seva autoritzaci\u00f3 expressa.<\/li>\n<li>Mai utilitzem les seves dades personals amb una finalitat diferent de l\u2019expressada en aquesta pol\u00edtica de privacitat.<\/li>\n<\/ul>\n<p>Aquesta Pol\u00edtica de Privacitat podria variar en funci\u00f3 d\u2019exig\u00e8ncies legislatives o d\u2019autoregulaci\u00f3, pel que li aconsellem com a usuari que la visiti peri\u00f2dicament. \u00c9s aplicable en cas que els usuaris decideixin emplenar qualsevol dels seus formularis de contacte on es demanin dades de car\u00e0cter personal.<\/p>\n<p>&nbsp;<\/p>\n<h4><strong>Regulacions legals a les quals s&#8217;acull aquesta web<\/strong><\/h4>\n<p>ILERNOVA CONSULTORIA ENGINYERIA SL ha adequat aquesta web a les exig\u00e8ncies de la Llei Org\u00e0nica 15\/1999, de 13 de desembre, de protecci\u00f3 de dades de car\u00e0cter personal (LOPD), i al Reial Decret 1720\/2007, de 21 de desembre, conegut com el Reglament de desenvolupament de la LOPD. Compleix tamb\u00e9 amb el Reglament (UE) 2016\/679 del Parlament Europeu i del Consell de 27 d\u2019abril de 2016 relatiu a la protecci\u00f3 de les persones f\u00edsiques (RGPD), aix\u00ed com amb la Llei 34\/2002, d\u201911 de juliol, de serveis de la Societat de la Informaci\u00f3 i Comer\u00e7 Electr\u00f2nic (LSSICE o LSSI).<\/p>\n<p>&nbsp;<\/p>\n<h4><strong>Responsable del tractament de les seves dades personals:\u00a0<\/strong><\/h4>\n<ul>\n<li><strong>Identitat del responsable:<\/strong>\u00a0ILERNOVA CONSULTORIA ENGINYERIA SL<\/li>\n<li><strong>Nom comercial:<\/strong>\u00a0\u00a0ILERNOVA<\/li>\n<li><strong>NIF\/CIF:<\/strong>\u00a0B25787128<\/li>\n<li><strong>Dades registrals: <\/strong>Registre Mercantil de Lleida<\/li>\n<li><strong>\u00a0Domicili:<\/strong>\u00a0C\/ Vallcalent,1, Lleida 25006<\/li>\n<li><strong>Correu electr\u00f2nic: <\/strong>\u00a0ilernova@ilernova.com<\/li>\n<li><strong>Web:<\/strong> www.ilernova.com<\/li>\n<li><strong>Activitat:<\/strong> Desenvolupament de projectes d&#8217;ind\u00fastries i establiments agroalimentaris en tots els \u00e0mbits, des de la posada en marxa de noves instal\u00b7lacions fins a la consultoria agroaliment\u00e0ria.<\/li>\n<\/ul>\n<p>&nbsp;<\/p>\n<h4><strong>Com\u00a0 hem obtingut les seves dades?<\/strong><\/h4>\n<p>Les dades personals que tractem a www.ilernova.com procedeixen de:<\/p>\n<ul>\n<li>Formulari de contacte.<\/li>\n<li>Registre de compte.<\/li>\n<\/ul>\n<p><strong>\u00a0<\/strong><\/p>\n<h4><strong>Menors d&#8217;edat<\/strong><\/h4>\n<p>En el cas dels menors de tretze anys es requereix el consentiment dels pares o tutors per al tractament de les seves dades personals.<\/p>\n<p>En cap cas es demanaran del menor d\u2019edat dades relatives a la situaci\u00f3 professional, econ\u00f2mica o a la intimitat dels altres membres de la fam\u00edlia, sense el consentiment d\u2019aquests.<\/p>\n<p>Si ets menor de tretze anys i has accedit a aquest lloc web sense avisar als teus pares <strong>no has de registrar-te ni donar-nos les teves dades ni la dels teus tutors<\/strong>.<\/p>\n<p><strong>\u00a0<\/strong><\/p>\n<h4><strong>Quins s\u00f3n els seus drets quan ens facilita les seves dades?<\/strong><\/h4>\n<p>Qualsevol persona t\u00e9 dret a obtenir confirmaci\u00f3 sobre si en ILERNOVA CONSULTORIA ENGINYERIA SL estem tractant les seves dades personals.<\/p>\n<p>Les persones interessades tenen dret a:<\/p>\n<ul>\n<li>Sol\u00b7licitar l\u2019acc\u00e9s a les dades personals relatives a l\u2019interessat.<\/li>\n<li>Sol\u00b7licitar la seva rectificaci\u00f3 o supressi\u00f3.<\/li>\n<li>Sol\u00b7licitar la limitaci\u00f3 del seu tractament.<\/li>\n<li>Oposar-se al tractament.<\/li>\n<li>Sol\u00b7licitar la portabilitat de les dades.<\/li>\n<\/ul>\n<p>Els interessats podran <strong>accedir<\/strong> a les seves dades personals, aix\u00ed com a sol\u00b7licitar la <strong>rectificaci\u00f3<\/strong> de dades inexactes o, si escau, a sol\u00b7licitar la seva <strong>supressi\u00f3<\/strong> quan, entre altres motius, les dades ja no siguin necessaris per als fins que van ser recollides.<\/p>\n<p>En determinades circumst\u00e0ncies, els interessats podran sol\u00b7licitar la <strong>limitaci\u00f3<\/strong> del tractament de les seves dades, en aquest cas, \u00fanicament els conservarem per a l\u2019exercici o la defensa de reclamacions.<\/p>\n<p>En determinades circumst\u00e0ncies i per motius relacionats amb la seva situaci\u00f3 particular, els interessats podran <strong>oposar-se<\/strong> al tractament de les seves dades. ILERNOVA CONSULTORIA ENGINYERIA SL deixar\u00e0 de tractar les dades, excepte per motius leg\u00edtims imperiosos, o l\u2019exercici o la defensa de possibles reclamacions. Tamb\u00e9 podran sol\u00b7licitar la <strong>portabilitat<\/strong> de les seves dades.<\/p>\n<p>Els interessats tamb\u00e9 tindran dret a la tutela judicial efectiva i a presentar una reclamaci\u00f3 davant l\u2019autoritat de control, en aquest cas, l\u2019Ag\u00e8ncia Espanyola de Protecci\u00f3 de Dades, si consideren que el tractament de dades personals que el concerneixen infringeix el Reglament.<\/p>\n<p><strong>\u00a0<\/strong><\/p>\n<h4><strong>Amb quina finalitat tractem les seves dades personals?<\/strong><\/h4>\n<p>Quan un usuari es connecta amb aquesta web ara per comentar una not\u00edcia, enviar un correu al titular, subscriure o realitzar alguna contractaci\u00f3, est\u00e0 facilitant informaci\u00f3 de car\u00e0cter personal de la qual \u00e9s responsable: ILERNOVA CONSULTORIA ENGINYERIA SL. Aquesta informaci\u00f3 pot incloure dades de car\u00e0cter personal com poden ser la seva adre\u00e7a IP, nom, adre\u00e7a f\u00edsica, adre\u00e7a de correu electr\u00f2nic, n\u00famero de tel\u00e8fon i altra informaci\u00f3. En facilitar aquesta informaci\u00f3, l\u2019usuari d\u00f3na el seu consentiment perqu\u00e8 la seva informaci\u00f3 sigui recopilada, utilitzada, gestionada i emmagatzemada per ILERNOVA CONSULTORIA ENGINYERIA SL, i que figura a la present Pol\u00edtica de Privacitat.<\/p>\n<p>Al web www.ilernova.com de ILERNOVA CONSULTORIA ENGINYERIA SL hi ha diferents sistemes de captura d\u2019informaci\u00f3 personal i tractem la informaci\u00f3 que ens faciliten les persones interessades amb el seg\u00fcent cap per cada sistema de captura (formularis):<\/p>\n<ol>\n<li><strong>Formulari de contacte:<\/strong> Sol\u00b7licitem les seg\u00fcents dades personals: nom, e-mail, per respondre als requeriments dels usuaris de www.ilernova.com. Per exemple, podem utilitzar aquestes dades per respondre a la seva sol\u00b7licitud i donar resposta als dubtes, queixes, comentaris o inquietuds que pugui tenir relatives a la informaci\u00f3 inclosa al web, els serveis que es presten a trav\u00e9s del web, el tractament de les seves dades personals, q\u00fcestions referents als textos legals inclosos a la web, aix\u00ed com qualssevol altres consultes que pugui tenir i que no estiguin subjectes a les condicions de contractaci\u00f3. L\u2019informo que les dades que ens facilita estaran ubicats en els servidors de HST SL (prove\u00efdor del hosting de ILERNOVA CONSULTORIA ENGINYERIA SL.) dins de la UE.<\/li>\n<li><strong>Formulari de registre de compte:<\/strong> En aquest cas, sol\u00b7licitem les dades personals: nom, e-mail, per gestionar l\u2019alta de registre del seu compte a la nostra comunitat. L\u2019informem que les dades que ens facilita estaran ubicats en els servidors de HST SL (prove\u00efdor del hosting de ILERNOVA CONSULTORIA ENGINYERIA SL) dins de la UE.<\/li>\n<\/ol>\n<p>Existeixen altres finalitats per la qual tractem les seves dades personals:<\/p>\n<ul>\n<li>Per garantir el compliment de les condicions d\u2019\u00fas i la llei aplicable. Aix\u00f2 pot incloure el desenvolupament d\u2019eines i algoritmes que ajuden a aquesta web a garantir la confidencialitat de les dades personals que recull.<\/li>\n<li>Per donar suport i millorar els serveis que ofereix aquesta web.<\/li>\n<li>Tamb\u00e9 es recullen altres dades no identificatives que s\u2019obtenen mitjan\u00e7ant algunes galetes que es descarreguen a l\u2019ordinador de l\u2019usuari quan navega en aquesta web que detallo en la pol\u00edtica de cookies.<\/li>\n<li>Per gestionar les xarxes socials. ILERNOVA CONSULTORIA ENGINYERIA SL. pot tenir pres\u00e8ncia en xarxes socials. El tractament de les dades que es dugui a terme de les persones que es facin seguidores a les xarxes socials de les p\u00e0gines oficials de ILERNOVA CONSULTORIA ENGINYERIA SL., es regir\u00e0 per aquest apartat. Aix\u00ed com per aquelles condicions d\u2019\u00fas, pol\u00edtiques de privacitat i normatives d\u2019acc\u00e9s que pertanyin a la xarxa social que procedeixi en cada cas i acceptades pr\u00e8viament per l\u2019usuari de ILERNOVA CONSULTORIA ENGINYERIA SL. Tractar\u00e0 les seves dades amb les finalitats d\u2019administrar correctament la seva pres\u00e8ncia a la xarxa social, informant d\u2019activitats, productes o serveis de ILERNOVA CONSULTORIA ENGINYERIA SL. Aix\u00ed com per a qualsevol altra finalitat que les normatives de les xarxes socials permeten. En cap cas utilitzarem els perfils de seguidors en xarxes socials per enviar publicitat de manera individual.<\/li>\n<\/ul>\n<p>&nbsp;<\/p>\n<p>ILERNOVA CONSULTORIA ENGINYERIA SL, no ven, lloga ni cedeix dades de car\u00e0cter personal que puguin identificar a l\u2019usuari, ni ho far\u00e0 en el futur, a tercers sense el consentiment previ. No obstant aix\u00f2, en alguns casos es poden realitzar col\u00b7laboracions amb altres professionals, en aquests casos, es requerir\u00e0 consentiment als usuaris informant sobre la identitat del col\u00b7laborador i la finalitat de la col\u00b7laboraci\u00f3. Sempre es realitzar\u00e0 amb els m\u00e9s estrictes est\u00e0ndards de seguretat.<\/p>\n<p>&nbsp;<\/p>\n<h4><strong>Legitimaci\u00f3 per al tractament de les seves dades\u00a0<\/strong><\/h4>\n<p>La base legal per al tractament de les seves dades \u00e9s<strong>: el consentiment.<\/strong><\/p>\n<p>Per contactar o fer comentaris en aquesta web es requereix el consentiment amb aquesta pol\u00edtica de privacitat.<\/p>\n<p>L\u2019oferta prospectiva o comercial de productes i serveis est\u00e0 basada tamb\u00e9 en el consentiment que se li sol\u00b7licita, sense que en cap cas la retirada d\u2019aquest consentiment condicioni l\u2019execuci\u00f3 del contracte de subscripci\u00f3. Tamb\u00e9 la contractaci\u00f3 de productes i serveis segons els termes i condicions que consten en la pol\u00edtica comercial.<\/p>\n<p>&nbsp;<\/p>\n<h4><strong>Per quant temps conservarem les seves dades?<\/strong><\/h4>\n<p>Les dades personals proporcionades es conservaran:<\/p>\n<ul>\n<li>Mentre es mantingui la relaci\u00f3 mercantil.<\/li>\n<li>No se sol\u00b7liciti la seva supressi\u00f3 per part de l\u2019interessat.<\/li>\n<\/ul>\n<p>&nbsp;<\/p>\n<h4><strong>\u00bfA qu\u00e9 destinatarios se comunicar\u00e1n sus datos?<\/strong><\/h4>\n<p>Per prestar serveis estrictament necessaris per al desenvolupament de l\u2019activitat, ILERNOVA CONSULTORIA ENGINYERIA SL., comparteix dades amb els seg\u00fcents prestadors sota les seves corresponents condicions de privacitat.<\/p>\n<p>Totes les utilitats ofertes per tercers s\u00f3n estrictament necess\u00e0ries per al desenvolupament dels nostres serveis i han estat seleccionades atenent al compliment dels drets que preservem en aquest web.<\/p>\n<p>Les seg\u00fcents empreses tindran acc\u00e9s a la informaci\u00f3 personal necess\u00e0ria per realitzar les seves funcions com a encarregats de tractament, per\u00f2 no podran utilitzar-la per altres fins. A m\u00e9s, hauran de tractar la informaci\u00f3 personal de conformitat amb la present Pol\u00edtica de Privadesa i la legislaci\u00f3 aplicable en mat\u00e8ria de protecci\u00f3 de dades:<\/p>\n<p><strong>Hosting:<\/strong> HST SL, amb domicili C\/ Bar\u00f3 de Maials, 11 bajos. M\u00e9s informaci\u00f3 a www.hst.cat. HST SL, tracta les dades amb la finalitat de realitzar els seus serveis com a prove\u00efdor del hosting a ILERNOVA CONSULTORIA ENGINYERIA SL.<\/p>\n<p><strong>Plataforma web<\/strong>: WordPress.org, m\u00e9s informaci\u00f3 a https:\/\/wordpress.org\/ tracta les dades amb la finalitat de realitzar els seus serveis de suport a ILERNOVA CONSULTORIA ENGINYERIA SL.<\/p>\n<p><strong>Google Analytics:<\/strong> un servei anal\u00edtic de web prestat per Google, Inc., una companyia de Delaware l\u2019oficina principal a 1600 Amphitheatre Parkway, Mountain View (Calif\u00f2rnia), CA 94043, Estats Units (\u201cGoogle\u201d). Google Analytics utilitza \u201ccookies\u201c, que s\u00f3n arxius de text ubicats al seu ordinador, per ajudar a ILERNOVA CONSULTORIA ENGINYERIA SL a analitzar l\u2019\u00fas que fan els usuaris del lloc web. La informaci\u00f3 que genera la cookie sobre el seu \u00fas de LILERNOVA CONSULTORIA ENGINYERIA SL. (incloent-hi la seva adre\u00e7a IP) ser\u00e0 directament transmesa i arxivada per Google en els servidors dels Estats Units.<\/p>\n<p>&nbsp;<\/p>\n<h4><strong>Dades de navegaci\u00f3<\/strong><\/h4>\n<p>En navegar per www.ilernova.com es poden recollir dades no identificables, que poden incloure, adreces IP, ubicaci\u00f3 geogr\u00e0fica (aproximadament), un registre de com s\u2019utilitzen els serveis i llocs, i altres dades que no poden ser utilitzats per identificar l\u2019usuari. Entre les dades no identificatives estan tamb\u00e9 els relacionats als seus h\u00e0bits de navegaci\u00f3 a trav\u00e9s de serveis de tercers. Aquesta web utilitza els seg\u00fcents serveis d\u2019an\u00e0lisi de tercers:<\/p>\n<ul>\n<li>Google Analytics.<\/li>\n<li>Search Console.<\/li>\n<\/ul>\n<p>Utilitzem aquesta informaci\u00f3 per analitzar tend\u00e8ncies, administrar el lloc, rastrejar els moviments dels usuaris al voltant del lloc i per recopilar informaci\u00f3 demogr\u00e0fica sobre la nostra base d\u2019usuaris en el seu conjunt.<\/p>\n<p>&nbsp;<\/p>\n<h4><strong>Els seus drets en facilitar les seves dades personals<\/strong><\/h4>\n<p>Qualsevol persona t\u00e9 dret a obtenir confirmaci\u00f3 sobre si en ILERNOVA CONSULTORIA ENGINYERIA SL. s\u2019estan tractant dades personals que els concerneixin, o no.<\/p>\n<p>Les persones interessades tenen dret a accedir a les seves dades personals, aix\u00ed com a sol\u00b7licitar la rectificaci\u00f3 de les dades inexactes o, si escau, sol\u00b7licitar la seva supressi\u00f3 quan, entre altres motius, les dades ja no siguin necessaris per als fins que van ser recollides.<\/p>\n<p>En determinades circumst\u00e0ncies, els interessats podran sol\u00b7licitar la limitaci\u00f3 del tractament de les seves dades, en aquest cas \u00fanicament els conservarem per a l\u2019exercici o la defensa de reclamacions.<\/p>\n<p>En determinades circumst\u00e0ncies i per motius relacionats amb la seva situaci\u00f3 particular, els interessats podran oposar-se al tractament de les seves dades.<\/p>\n<p>ILERNOVA CONSULTORIA ENGINYERIA SL. deixar\u00e0 de tractar les dades, excepte per motius leg\u00edtims imperiosos, o l\u2019exercici o la defensa de possibles reclamacions.<\/p>\n<p>Vost\u00e8 podr\u00e0 exercir materialment els seus drets per correu electr\u00f2nic a ilernova@illernova.com.<\/p>\n<p>&nbsp;<\/p>\n<h4><strong>Secret i seguretat de les dades<\/strong><\/h4>\n<p>ILERNOVA CONSULTORIA ENGINYERIA SL. es compromet a l\u2019\u00fas i tractament de les dades personals incloses dels usuaris, respectant la seva confidencialitat i a utilitzar-los d\u2019acord amb la finalitat d\u2019aquests, aix\u00ed com a executar a la seva obligaci\u00f3 de guardar i adaptar totes les mesures per evitar l\u2019alteraci\u00f3, p\u00e8rdua, tractament o acc\u00e9s no autoritzat (Com els protocols Https que utilitzem), de conformitat amb el que estableix la normativa vigent de protecci\u00f3 de dades.<\/p>\n<p>ILERNOVA CONSULTORIA ENGINYERIA SL. no pot garantir l\u2019absoluta inexpugnabilitat de la xarxa d\u2019Internet i per tant, la violaci\u00f3 de les dades mitjan\u00e7ant accessos fraudulents a ells per part de tercers.<\/p>\n<p>&nbsp;<\/p>\n<h4><strong>Exactitud i veracitat de les dades\u00a0<\/strong><\/h4>\n<p>Com a usuari, \u00e9s l\u2019\u00fanic responsable de la veracitat i correcci\u00f3 de les dades que remeti a www.ilernova.com exonerant a ILERNOVA CONSULTORIA ENGINYERIA SL, de qualsevol responsabilitat referent a aix\u00f2. Els usuaris garanteixen i responen, en qualsevol cas, de l\u2019exactitud, vig\u00e8ncia i autenticitat de les dades personals facilitades i es comprometen a mantenir-les degudament actualitzades. L\u2019usuari accepta proporcionar informaci\u00f3 completa i correcta en el formulari de contacte o subscripci\u00f3.<\/p>\n<p>&nbsp;<\/p>\n<h4><strong>Acceptaci\u00f3 i consentiment<\/strong><\/h4>\n<p>L\u2019usuari declara haver estat informat de les condicions sobre protecci\u00f3 de dades de car\u00e0cter personal, acceptant i consentint el tractament dels mateixos per part de ILERNOVA CONSULTORIA ENGINYERIA SL en la forma i per a les finalitats indicades en aquesta pol\u00edtica de privacitat.<\/p>\n<p>&nbsp;<\/p>\n<h4><strong>Canvis en la pol\u00edtica de privacitat<\/strong><\/h4>\n<p>ILERNOVA CONSULTORIA ENGINYERIA SL, es reserva el dret a modificar la present pol\u00edtica per adaptar-la a novetats legislatives o jurisprudencials, aix\u00ed com a pr\u00e0ctiques de la ind\u00fastria. En aquests sup\u00f2sits, el prestador anunciar\u00e0 en aquesta p\u00e0gina els canvis introdu\u00efts amb raonable antelaci\u00f3 a la seva posada en pr\u00e0ctica.<\/p>\n<p>&nbsp;<\/p>\n<h4><strong>Correus comercials<\/strong><\/h4>\n<p>D\u2019acord amb la LSSICE, ILERNOVA CONSULTORIA ENGINYERIA SL no realitza pr\u00e0ctiques de SPAM, pel que no envia correus comercials per via electr\u00f2nica que no hagin estat pr\u00e8viament sol\u00b7licitats o autoritzats per l\u2019usuari. En conseq\u00fc\u00e8ncia, a cada un dels formularis que hi ha hagut a la web, l\u2019usuari t\u00e9 la possibilitat de donar el seu consentiment per rebre el butllet\u00ed, amb independ\u00e8ncia de la informaci\u00f3 comercial puntualment sol\u00b7licitada.<\/p>\n<p>D\u2019acord amb el que disposa la Llei 34\/2002 de Serveis de la Societat de la Informaci\u00f3 i de comer\u00e7 electr\u00f2nic, ILERNOVA CONSULTORIA ENGINYERIA SL es compromet a no enviar comunicacions de car\u00e0cter comercial sense identificar-les degudament.<\/p>\n<p>&nbsp;<\/p>\n","protected":false},"excerpt":{"rendered":"<p>&nbsp; Av\u00eds legal Termes i condicions relatius a la protecci\u00f3 de dades de l\u2019empresa ILERNOVA CONSULTORIA ENGINYERIA SL. &nbsp; Principis b\u00e0sics A ILERNOVA CONSULTORIA ENGINYERIA SL \u00e9s una prioritat el respecte i la protecci\u00f3 de les dades personals dels usuaris. Com a usuari ha de saber que els seus drets estan garantits en aquest web.&hellip;<\/p>\n","protected":false},"author":2,"featured_media":0,"parent":0,"menu_order":0,"comment_status":"closed","ping_status":"closed","template":"","meta":{"spay_email":""},"jetpack_sharing_enabled":true,"jetpack_shortlink":"https:\/\/wp.me\/PaezBV-3Zt","jetpack_likes_enabled":true,"_links":{"self":[{"href":"https:\/\/ilernova.com\/ca\/wp-json\/wp\/v2\/pages\/15343"}],"collection":[{"href":"https:\/\/ilernova.com\/ca\/wp-json\/wp\/v2\/pages"}],"about":[{"href":"https:\/\/ilernova.com\/ca\/wp-json\/wp\/v2\/types\/page"}],"author":[{"embeddable":true,"href":"https:\/\/ilernova.com\/ca\/wp-json\/wp\/v2\/users\/2"}],"replies":[{"embeddable":true,"href":"https:\/\/ilernova.com\/ca\/wp-json\/wp\/v2\/comments?post=15343"}],"version-history":[{"count":3,"href":"https:\/\/ilernova.com\/ca\/wp-json\/wp\/v2\/pages\/15343\/revisions"}],"predecessor-version":[{"id":15383,"href":"https:\/\/ilernova.com\/ca\/wp-json\/wp\/v2\/pages\/15343\/revisions\/15383"}],"wp:attachment":[{"href":"https:\/\/ilernova.com\/ca\/wp-json\/wp\/v2\/media?parent=15343"}],"curies":[{"name":"wp","href":"https:\/\/api.w.org\/{rel}","templated":true}]}}