{"id":15342,"date":"2018-06-01T11:05:05","date_gmt":"2018-06-01T09:05:05","guid":{"rendered":"http:\/\/ilernova.com.91-142-220-242.panelserver.org\/politica-de-cookies\/"},"modified":"2018-06-21T09:41:11","modified_gmt":"2018-06-21T07:41:11","slug":"politica-de-cookies","status":"publish","type":"page","link":"https:\/\/ilernova.com\/ca\/politica-de-cookies\/","title":{"rendered":"Av\u00eds de Cookies"},"content":{"rendered":"<p>&nbsp;<\/p>\n<h2>Av\u00eds de Cookies<\/h2>\n<p>&nbsp;<\/p>\n<p><strong>En relaci\u00f3 a les galetes durant la navegaci\u00f3.<\/strong>\u00a0Una galeta ( o galeta inform\u00e0tica ) \u00e9s una petita informaci\u00f3 enviada per un lloc web i emmagatzemada en el navegador de l\u2019 usuari, de manera que el lloc web pot consultar l\u2019activitat pr\u00e8via de l\u2019usuari.<\/p>\n<div class=\"vc_empty_space\"><\/div>\n<p><strong>Les seves principals funcions s\u00f3n:<\/strong>\u00a0Portar el control d\u2019usuaris : quan un usuari introdueix el seu nom d\u2019usuari i contrasenya, s\u2019emmagatzema una cookie perqu\u00e8 no hagi d\u2019estar introduint-les per a cada p\u00e0gina del servidor. No obstant aix\u00f2, una galeta no identifica nom\u00e9s a una persona, sin\u00f3 a una combinaci\u00f3 d\u2019ordinador \u2013 navegador \u2013 usuari. Aconseguir informaci\u00f3 sobre els h\u00e0bits de navegaci\u00f3 de l\u2019usuari, entre d\u2019altres.<\/p>\n<div class=\"vc_empty_space\"><\/div>\n<p>&nbsp;<\/p>\n<h4>AQUESTA WEB UTILITZA GALETES PR\u00d2PIES<\/h4>\n<table>\n<tbody>\n<tr>\n<td width=\"210\"><strong>Tipus de\u00a0<em>cookie<\/em><\/strong><\/td>\n<td width=\"200\"><strong>Finalitat<\/strong><\/td>\n<td width=\"200\"><strong>Duraci\u00f3<\/strong><\/td>\n<\/tr>\n<tr>\n<td><strong>wordpress_<\/strong><\/td>\n<td>Recordatori de Sessi\u00f3<\/td>\n<td>Sessi\u00f3<\/td>\n<\/tr>\n<tr>\n<td><strong>wordpress_logged_in_<\/strong><\/td>\n<td>Recordatori de Sessi\u00f3<\/td>\n<td>Sessi\u00f3<\/td>\n<\/tr>\n<tr>\n<td><strong>wordpress_test_<\/strong><\/td>\n<td>Recordatori de Sessi\u00f3<\/td>\n<td>Sessi\u00f3<\/td>\n<\/tr>\n<tr>\n<td><strong>wordpress_test_cookie<\/strong><\/td>\n<td>WordPress Test Cookies<\/td>\n<td>Sessi\u00f3<\/td>\n<\/tr>\n<tr>\n<td><strong>wp-settings-[UID]<\/strong><\/td>\n<td>S\u2019utilitza per personalitzar la interf\u00edcie d\u2019usuari.<\/td>\n<td>1 any<\/td>\n<\/tr>\n<tr>\n<td><strong>wp-settings-time-[UID]<\/strong><\/td>\n<td>Emmagatzema l\u2019aspecte de la interf\u00edcie d\u2019administraci\u00f3 i del lloc principal.<\/td>\n<td>1 any<\/td>\n<\/tr>\n<\/tbody>\n<\/table>\n<div class=\"vc_empty_space\"><\/div>\n<p>&nbsp;<\/p>\n<h4>GALETES DE TERCERS<\/h4>\n<table>\n<tbody>\n<tr>\n<td width=\"110\"><strong>Tipo de\u00a0<em>cookie<\/em><\/strong><\/td>\n<td width=\"100\"><strong>Empresa<\/strong><\/td>\n<td width=\"200\"><strong>Finalitat<\/strong><\/td>\n<td width=\"200\"><strong>M\u00e9s Informaci\u00f3<\/strong><\/td>\n<\/tr>\n<tr>\n<td><strong>_utma<br \/>\n_utmb<br \/>\n_utmc<br \/>\n_utmz<\/strong><\/td>\n<td valign=\"top\"><strong>Google<\/strong><\/td>\n<td valign=\"top\">Navegaci\u00f3 de manera an\u00f2nima que permet saber qu\u00e8 es consulta i com es navega<\/td>\n<td valign=\"top\">http:\/\/www.google.es\/intl\/es\/analytics\/privacyoverview.html<\/td>\n<\/tr>\n<\/tbody>\n<\/table>\n<div class=\"vc_empty_space\"><\/div>\n<p>&nbsp;<\/p>\n<h4>GESTIONAR GALETES<\/h4>\n<p><strong>Vost\u00e8 pot permetre, bloquejar o eliminar les cookies instal\u00b7lades en el seu equip<\/strong>\u00a0mitjan\u00e7ant la configuraci\u00f3 de les opcions del navegador en el vostre ordinador . Si no sabeu sobre quin tipus i versi\u00f3 de navegador fa servir per accedir a internet : Per a Windows: click a \u2018 Ajuda \u2018 a la part superior de la finestra del seu navegador i seleccioneu l\u2019opci\u00f3 \u2018 Quant a\u2019 . Per a Mac : amb la venda del navegador oberta , clic en el men\u00fa d\u2019Apple i seleccioneu l\u2019opci\u00f3 \u2018 Sobre \u2026\u2019.<\/p>\n<div class=\"vc_empty_space\"><\/div>\n<p>&nbsp;<\/p>\n<h4>\u00bfCOM GESTIONAR LES GALETES WINDOWS?<\/h4>\n<h4><strong>Google Chrome<\/strong><\/h4>\n<p>Fes clic al men\u00fa de Chrome a la barra d\u2019eines del navegador. Selecciona \u201d\u00a0<strong>Configuraci\u00f3<\/strong>\u201d . Fes clic a \u201d\u00a0<strong>Mostra opcions avan\u00e7ades\u2026<\/strong>\u00a0\u201d A la secci\u00f3 \u201d\u00a0<strong>Privadesa<\/strong>\u201d , feu clic al bot\u00f3 \u201c<strong>Configuraci\u00f3 de contingut\u2026<\/strong>\u201c. A la secci\u00f3 \u201c<strong>Galetes<\/strong>\u201c, pots configurar les opcions que s\u2019indiquen a continuaci\u00f3: Suprimeix les galetes, bloquejar o permetre les galetes per defecte, incloure excepcions de galetes de dominis o llocs web espec\u00edfics. Per a m\u00e9s detall consulta l\u2019ajuda de\u00a0<strong>Google Chrome.<\/strong><\/p>\n<div class=\"vc_empty_space\"><\/div>\n<h4><strong>Microsoft Internet Explorer 7.0 y 8.0<\/strong><\/h4>\n<p>Haga clic en el bot\u00f3n<strong>\u00a0\u201cHerramientas\u201d<\/strong>\u00a0y despu\u00e9s en<strong>\u00a0\u201cOpciones de Internet\u201d.<\/strong>\u00a0Haga clic en la ficha\u00a0<strong>\u201cPrivacidad\u201d<\/strong>\u00a0y, a continuaci\u00f3n, mueva el control deslizante a una posici\u00f3n intermedia entre los extremos superior e inferior, de manera que no se bloqueen ni permitan todas las cookies. Haga clic en\u00a0<strong>\u201cSitios\u201d.<\/strong>\u00a0En el cuadro\u00a0<strong>\u201cDirecci\u00f3n del sitio web\u201d<\/strong>, escriba la direcci\u00f3n de un sitio web y, despu\u00e9s, haga clic en\u00a0<strong>\u201cBloquear\u201d<\/strong>\u00a0o\u00a0<strong>\u201cPermitir\u201d.<\/strong>\u00a0Mientras escriba, ir\u00e1 apareciendo una lista de las p\u00e1ginas web que ya haya visitado. Si hace clic en un elemento de la lista, se mostrar\u00e1 en el cuadro Direcci\u00f3n del sitio web. Al finalizar, haga clic en\u00a0<strong>\u201cAceptar\u201d.<\/strong>\u00a0Vuelva a colocar el control deslizante en su posici\u00f3n original y haga clic en\u00a0<strong>\u201cAceptar\u201d.<\/strong>\u00a0Puedes consultar la ayuda de Windows para m\u00e1s informaci\u00f3n.<\/p>\n<div class=\"vc_empty_space\"><\/div>\n<h4><strong>Mozilla Firefox<\/strong><\/h4>\n<p>Feu clic al bot\u00f3 \u201cEines\u201d i despr\u00e9s a \u201cOpcions d\u2019Internet\u201d. Feu clic a la fitxa \u201d Privadesa\u201d i , a continuaci\u00f3, mogui el control lliscant a una posici\u00f3 interm\u00e8dia entre els extrems superior i inferior , de manera que no es bloquegin ni permetin totes les galetes . Feu clic a \u201d Llocs\u201d . Al quadre \u201d Adre\u00e7a del lloc web \u201d , escriviu l\u2019adre\u00e7a d\u2019un lloc web i, despr\u00e9s , feu clic a \u201cBloquejar \u201d o \u201d Permetre \u201d . Mentre escrigui, anir\u00e0 apareixent una llista de les p\u00e0gines web que ja hagi visitat. Si fa clic en un element de la llista, es mostrar\u00e0 en el quadre Adre\u00e7a del lloc web. En acabar , feu clic a \u201cD\u2019acord \u201d . Torneu a posar el control lliscant en la seva posici\u00f3 original i feu clic a \u201cD\u2019acord \u201d . Pots consultar l\u2019ajuda de Windows per m\u00e9s informaci\u00f3.<\/p>\n<div class=\"vc_empty_space\"><\/div>\n<h4><strong>Safari<\/strong><\/h4>\n<p>Feu clic a \u201c<strong>Safari<\/strong>\u201d a la part superior de la finestra del seu navegador i seleccioneu l\u2019opci\u00f3 \u2018<strong>Prefer\u00e8ncies<\/strong>\u2018 . Feu clic a \u201c<strong>Privadesa<\/strong>\u201d . A l\u2019apartat \u201c<strong>Bloqueja galetes<\/strong>\u201d seleccioni una de les seg\u00fcents opcions segons li interessi : \u201c<strong>De publicitat i tercers<\/strong>\u201d , \u201c<strong>Sempre<\/strong>\u201d , o \u201c<strong>Mai<\/strong>\u201c.<\/p>\n<div class=\"vc_empty_space\"><\/div>\n<h4><strong>Opera<\/strong><\/h4>\n<p>Feu clic a \u201c<strong>Configuraci\u00f3<\/strong>\u201d a la part superior de la finestra del navegador i seleccioneu \u2018<strong>Opcions<\/strong>\u2018 . A continuaci\u00f3 seleccioneu la pestanya \u201c<strong>Avan\u00e7at<\/strong>\u201d i en la llista de l\u2019esquerra seleccionar \u201c<strong>Galetes<\/strong>\u201c. A continuaci\u00f3, seleccioneu \u201cAccepta galetes\u201d. Disposa de tres opcions segons la seva prefer\u00e8ncia: \u00a0\u201c<strong>Accepta galetes<\/strong>\u201d.<br \/>\n&nbsp;<\/p>\n","protected":false},"excerpt":{"rendered":"<p>&nbsp; Av\u00eds de Cookies &nbsp; En relaci\u00f3 a les galetes durant la navegaci\u00f3.\u00a0Una galeta ( o galeta inform\u00e0tica ) \u00e9s una petita informaci\u00f3 enviada per un lloc web i emmagatzemada en el navegador de l\u2019 usuari, de manera que el lloc web pot consultar l\u2019activitat pr\u00e8via de l\u2019usuari. Les seves principals funcions s\u00f3n:\u00a0Portar el control&hellip;<\/p>\n","protected":false},"author":2,"featured_media":0,"parent":0,"menu_order":0,"comment_status":"closed","ping_status":"closed","template":"","meta":{"spay_email":""},"jetpack_sharing_enabled":true,"jetpack_shortlink":"https:\/\/wp.me\/PaezBV-3Zs","jetpack_likes_enabled":true,"_links":{"self":[{"href":"https:\/\/ilernova.com\/ca\/wp-json\/wp\/v2\/pages\/15342"}],"collection":[{"href":"https:\/\/ilernova.com\/ca\/wp-json\/wp\/v2\/pages"}],"about":[{"href":"https:\/\/ilernova.com\/ca\/wp-json\/wp\/v2\/types\/page"}],"author":[{"embeddable":true,"href":"https:\/\/ilernova.com\/ca\/wp-json\/wp\/v2\/users\/2"}],"replies":[{"embeddable":true,"href":"https:\/\/ilernova.com\/ca\/wp-json\/wp\/v2\/comments?post=15342"}],"version-history":[{"count":3,"href":"https:\/\/ilernova.com\/ca\/wp-json\/wp\/v2\/pages\/15342\/revisions"}],"predecessor-version":[{"id":15385,"href":"https:\/\/ilernova.com\/ca\/wp-json\/wp\/v2\/pages\/15342\/revisions\/15385"}],"wp:attachment":[{"href":"https:\/\/ilernova.com\/ca\/wp-json\/wp\/v2\/media?parent=15342"}],"curies":[{"name":"wp","href":"https:\/\/api.w.org\/{rel}","templated":true}]}}