{"id":15340,"date":"2014-03-19T15:23:11","date_gmt":"2014-03-19T14:23:11","guid":{"rendered":"http:\/\/ilernova.com.91-142-220-242.panelserver.org\/homepage\/"},"modified":"2018-06-21T11:35:20","modified_gmt":"2018-06-21T09:35:20","slug":"inici","status":"publish","type":"page","link":"https:\/\/ilernova.com\/ca\/","title":{"rendered":"Inici"},"content":{"rendered":"<p>[vc_row bg_type=&#8221;image&#8221; parallax_style=&#8221;vcpb-vz-jquery&#8221; bg_image_new=&#8221;id^15125|url^https:\/\/ilernova.com\/wp-content\/uploads\/2018\/03\/background-ingenieria.jpg|caption^null|alt^null|title^Ilernova|description^null&#8221; bg_image_repeat=&#8221;no-repeat&#8221; bg_override=&#8221;ex-full&#8221; type=&#8221;vc_default&#8221; margin_top=&#8221;-50&#8243; anchor=&#8221;about&#8221; css=&#8221;.vc_custom_1521529761013{padding-top: 40px !important;padding-bottom: 40px !important;}&#8221; el_id=&#8221;about&#8221;][vc_column][vc_empty_space height=&#8221;25px&#8221;]<div id=\"ultimate-heading-205769f9e89ae697d\" class=\"uvc-heading ult-adjust-bottom-margin ultimate-heading-205769f9e89ae697d uvc-5060 \" data-hspacer=\"line_only\"  data-halign=\"center\" style=\"text-align:center\"><div class=\"uvc-main-heading ult-responsive\"  data-ultimate-target='.uvc-heading.ultimate-heading-205769f9e89ae697d h2'  data-responsive-json-new='{\"font-size\":\"desktop:56px;mobile_landscape:40px;\",\"line-height\":\"desktop:66px;mobile_landscape:50px;\"}' ><h2 style=\"--font-weight:theme;margin-bottom:5px;\">CONSULTORIA ENGINYERIA<\/h2><\/div><div class=\"uvc-heading-spacer line_only\" style=\"margin-top:25px;margin-bottom:25px;height:2px;\"><span class=\"uvc-headings-line\" style=\"border-style:solid;border-bottom-width:2px;border-color:#b01e22;width:350px;\"><\/span><\/div><div class=\"uvc-sub-heading ult-responsive\"  data-ultimate-target='.uvc-heading.ultimate-heading-205769f9e89ae697d .uvc-sub-heading '  data-responsive-json-new='{\"font-size\":\"desktop:26px;mobile_landscape:20px;\",\"line-height\":\"desktop:36px;mobile_landscape:30px;\"}'  style=\"font-weight:normal;color:#adb0b6;margin-bottom:5px;\">Especialitzats en el Sector Agroalimentari<\/div><\/div>[vc_empty_space height=&#8221;50px&#8221;][vc_row_inner][vc_column_inner width=&#8221;1\/3&#8243;]<div id=\"ultimate-heading-406269f9e89ae69b4\" class=\"uvc-heading ult-adjust-bottom-margin ultimate-heading-406269f9e89ae69b4 uvc-390 \" data-hspacer=\"no_spacer\"  data-halign=\"left\" style=\"text-align:left\"><div class=\"uvc-heading-spacer no_spacer\" style=\"top\"><\/div><div class=\"uvc-main-heading ult-responsive\"  data-ultimate-target='.uvc-heading.ultimate-heading-406269f9e89ae69b4 h2'  data-responsive-json-new='{\"font-size\":\"desktop:65px;\",\"line-height\":\"desktop:75px;\"}' ><h2 style=\"font-weight:bold;color:rgba(173,176,182,0.2);margin-bottom:5px;\">01.<\/h2><\/div><\/div><div id=\"ultimate-heading-716469f9e89ae69db\" class=\"uvc-heading ult-adjust-bottom-margin ultimate-heading-716469f9e89ae69db uvc-3806 accent-border-color\" data-hspacer=\"no_spacer\"  data-halign=\"left\" style=\"text-align:left\"><div class=\"uvc-heading-spacer no_spacer\" style=\"top\"><\/div><div class=\"uvc-main-heading ult-responsive\"  data-ultimate-target='.uvc-heading.ultimate-heading-716469f9e89ae69db h2'  data-responsive-json-new='{\"font-size\":\"desktop:18px;\",\"line-height\":\"desktop:30px;\"}' ><h2 style=\"font-weight:bold;margin-bottom:12px;\">Experi\u00e8ncia<\/h2><\/div><div class=\"uvc-sub-heading ult-responsive\"  data-ultimate-target='.uvc-heading.ultimate-heading-716469f9e89ae69db .uvc-sub-heading '  data-responsive-json-new='{\"font-size\":\"\",\"line-height\":\"desktop:26px;\"}'  style=\"font-weight:normal;\">M\u00e9s de vint anys d\u2019experi\u00e8ncia en el sector agroalimentari ens avalen.<\/div><\/div>[\/vc_column_inner][vc_column_inner width=&#8221;1\/3&#8243;]<div id=\"ultimate-heading-13469f9e89ae6a00\" class=\"uvc-heading ult-adjust-bottom-margin ultimate-heading-13469f9e89ae6a00 uvc-5542 \" data-hspacer=\"no_spacer\"  data-halign=\"left\" style=\"text-align:left\"><div class=\"uvc-heading-spacer no_spacer\" style=\"top\"><\/div><div class=\"uvc-main-heading ult-responsive\"  data-ultimate-target='.uvc-heading.ultimate-heading-13469f9e89ae6a00 h2'  data-responsive-json-new='{\"font-size\":\"desktop:65px;\",\"line-height\":\"desktop:75px;\"}' ><h2 style=\"font-weight:bold;color:rgba(173,176,182,0.2);margin-bottom:5px;\">02.<\/h2><\/div><\/div><div id=\"ultimate-heading-643669f9e89ae6a22\" class=\"uvc-heading ult-adjust-bottom-margin ultimate-heading-643669f9e89ae6a22 uvc-9368 accent-border-color\" data-hspacer=\"no_spacer\"  data-halign=\"left\" style=\"text-align:left\"><div class=\"uvc-heading-spacer no_spacer\" style=\"top\"><\/div><div class=\"uvc-main-heading ult-responsive\"  data-ultimate-target='.uvc-heading.ultimate-heading-643669f9e89ae6a22 h2'  data-responsive-json-new='{\"font-size\":\"desktop:18px;\",\"line-height\":\"desktop:30px;\"}' ><h2 style=\"font-weight:bold;margin-bottom:12px;\">Qualitat<\/h2><\/div><div class=\"uvc-sub-heading ult-responsive\"  data-ultimate-target='.uvc-heading.ultimate-heading-643669f9e89ae6a22 .uvc-sub-heading '  data-responsive-json-new='{\"font-size\":\"\",\"line-height\":\"desktop:26px;\"}'  style=\"font-weight:normal;\">Comprom\u00eds i atenci\u00f3 personalitzada per als nostres clients per tal d\u2019obtenir un grau m\u00e0xim de compliment d\u2019objectius.<br \/>\n<\/div><\/div>[\/vc_column_inner][vc_column_inner width=&#8221;1\/3&#8243;]<div id=\"ultimate-heading-364969f9e89ae6a43\" class=\"uvc-heading ult-adjust-bottom-margin ultimate-heading-364969f9e89ae6a43 uvc-2638 \" data-hspacer=\"no_spacer\"  data-halign=\"left\" style=\"text-align:left\"><div class=\"uvc-heading-spacer no_spacer\" style=\"top\"><\/div><div class=\"uvc-main-heading ult-responsive\"  data-ultimate-target='.uvc-heading.ultimate-heading-364969f9e89ae6a43 h2'  data-responsive-json-new='{\"font-size\":\"desktop:65px;\",\"line-height\":\"desktop:75px;\"}' ><h2 style=\"font-weight:bold;color:rgba(173,176,182,0.2);margin-bottom:5px;\">03.<\/h2><\/div><\/div><div id=\"ultimate-heading-826169f9e89ae6a62\" class=\"uvc-heading ult-adjust-bottom-margin ultimate-heading-826169f9e89ae6a62 uvc-7553 accent-border-color\" data-hspacer=\"no_spacer\"  data-halign=\"left\" style=\"text-align:left\"><div class=\"uvc-heading-spacer no_spacer\" style=\"top\"><\/div><div class=\"uvc-main-heading ult-responsive\"  data-ultimate-target='.uvc-heading.ultimate-heading-826169f9e89ae6a62 h2'  data-responsive-json-new='{\"font-size\":\"desktop:18px;\",\"line-height\":\"desktop:30px;\"}' ><h2 style=\"font-weight:bold;margin-bottom:12px;\">Equip<\/h2><\/div><div class=\"uvc-sub-heading ult-responsive\"  data-ultimate-target='.uvc-heading.ultimate-heading-826169f9e89ae6a62 .uvc-sub-heading '  data-responsive-json-new='{\"font-size\":\"\",\"line-height\":\"desktop:26px;\"}'  style=\"font-weight:normal;\">Un equip hum\u00e0 multidisciplinari per cobrir totes les necessitats dels nostres clients.<br \/>\n<\/div><\/div>[\/vc_column_inner][\/vc_row_inner][vc_empty_space height=&#8221;50px&#8221;][\/vc_column][\/vc_row][vc_row full_width=&#8221;stretch_row&#8221; bg_type=&#8221;bg_color&#8221; el_id=&#8221;servicios&#8221; css=&#8221;.vc_custom_1527873838954{background-color: #ffffff !important;}&#8221;][vc_column][vc_empty_space]<div id=\"ultimate-heading-409669f9e89ae6a8c\" class=\"uvc-heading ult-adjust-bottom-margin ultimate-heading-409669f9e89ae6a8c uvc-289 \" data-hspacer=\"line_only\"  data-halign=\"center\" style=\"text-align:center\"><div class=\"uvc-main-heading ult-responsive\"  data-ultimate-target='.uvc-heading.ultimate-heading-409669f9e89ae6a8c h2'  data-responsive-json-new='{\"font-size\":\"desktop:45px;mobile_landscape:40px;\",\"line-height\":\"desktop:55px;mobile_landscape:50px;\"}' ><h2 style=\"--font-weight:theme;margin-bottom:5px;\">ELS NOSTRES SERVEIS<\/h2><\/div><div class=\"uvc-heading-spacer line_only\" style=\"margin-top:20px;margin-bottom:20px;height:1px;\"><span class=\"uvc-headings-line\" style=\"border-style:solid;border-bottom-width:1px;border-color:#b01e22;width:300px;\"><\/span><\/div><div class=\"uvc-sub-heading ult-responsive\"  data-ultimate-target='.uvc-heading.ultimate-heading-409669f9e89ae6a8c .uvc-sub-heading '  data-responsive-json-new='{\"font-size\":\"desktop:26px;mobile_landscape:20px;\",\"line-height\":\"desktop:36px;mobile_landscape:30px;\"}'  style=\"font-weight:normal;color:#adb0b6;margin-bottom:5px;\"><\/p>\n<div id=\"ultimate-heading-97865b2b6b572ff2d\" class=\"uvc-heading ult-adjust-bottom-margin ultimate-heading-97865b2b6b572ff2d uvc-7562 \" data-hspacer=\"line_only\" data-halign=\"center\">\n<div class=\"uvc-sub-heading ult-responsive\" data-ultimate-target=\".uvc-heading.ultimate-heading-97865b2b6b572ff2d .uvc-sub-heading \" data-responsive-json-new=\"{&quot;font-size&quot;:&quot;desktop:26px;mobile_landscape:20px;&quot;,&quot;line-height&quot;:&quot;desktop:36px;mobile_landscape:30px;&quot;}\">Consultoria i Enginyeria per al sector agroalimentari<\/div>\n<\/div>\n<p><\/div><\/div>[vc_empty_space height=&#8221;50px&#8221;][vc_column_text css=&#8221;.vc_custom_1529572778076{padding-bottom: 50px !important;}&#8221;]<\/p>\n<p style=\"text-align: center;\">Professionals amb m\u00e9s de vint anys d&#8217;experi\u00e8ncia integrant un grup de col\u00b7laboradors que ens permeten el desenvolupament de projectes d&#8217;ind\u00fastries i establiments agroalimentaris en tots els \u00e0mbits, des de la posada en marxa de noves instal\u00b7lacions fins a la consultoria agroaliment\u00e0ria.<\/p>\n<p style=\"text-align: center;\">Estem especialitzats en gestionar projectes integrals i la gesti\u00f3 d&#8217;Organitzadors de Productors de Fruites i Hortalisses.<\/p>\n<p>[\/vc_column_text][vc_row_inner equal_height=&#8221;yes&#8221; css=&#8221;.vc_custom_1527873658396{padding-bottom: 20px !important;}&#8221;][vc_column_inner width=&#8221;1\/2&#8243;]<div class=\"aio-icon-component  vc_custom_1529573663287  accent-icon-color style_1\"><div id=\"Info-box-wrap-8058\" class=\"aio-icon-box left-icon\" style=\"\"  ><div class=\"aio-icon-left\"><div class=\"ult-just-icon-wrapper  \"><div class=\"align-icon\" style=\"text-align:center;\">\n<div class=\"aio-icon none \"  style=\"font-size:48px;display:inline-block;\">\n\t<i class=\"icomoon-pixeden-stroke-32x32-browser\"><\/i>\n<\/div><\/div><\/div><\/div><div class=\"aio-ibd-block\"><div class=\"aio-icon-header\" ><a class=\"aio-icon-box-link\" href=\"http:\/\/ilernova.com.91-142-220-242.panelserver.org\/ca\/serveis\/consultoria-agraria-o-p-f-h-programes-operatius\/\" ><h3 class=\"aio-icon-title ult-responsive\"  data-ultimate-target='#Info-box-wrap-8058 .aio-icon-title'  data-responsive-json-new='{\"font-size\":\"desktop:18px;\",\"line-height\":\"desktop:30px;\"}'  style=\"font-weight:bold;\">Consultoria Agr\u00e0ria \u2013 O.P.F.H. \u2013 Programes Operatius<\/h3><\/a><\/div> <!-- header --><div class=\"aio-icon-description ult-responsive\"  data-ultimate-target='#Info-box-wrap-8058 .aio-icon-description'  data-responsive-json-new='{\"font-size\":\"\",\"line-height\":\"\"}'  style=\"\">Constituci\u00f3 de societats agr\u00e0ries: SAT \u2018s i COOPERATIVES, qualificaci\u00f3 de organitzacions de productors (OPFH\u2019s) i tramitaci\u00f3 de programes operatius i altres subvencions.<\/div> <!-- description --><\/div> <!-- aio-ibd-block --><\/div> <!-- aio-icon-box --><\/div> <!-- aio-icon-component -->[\/vc_column_inner][vc_column_inner width=&#8221;1\/2&#8243;]<div class=\"aio-icon-component  vc_custom_1529573675598  accent-icon-color style_1\"><div id=\"Info-box-wrap-7593\" class=\"aio-icon-box left-icon\" style=\"\"  ><div class=\"aio-icon-left\"><div class=\"ult-just-icon-wrapper  \"><div class=\"align-icon\" style=\"text-align:center;\">\n<div class=\"aio-icon none \"  style=\"font-size:48px;display:inline-block;\">\n\t<i class=\"icomoon-pixeden-stroke-32x32-news-paper\"><\/i>\n<\/div><\/div><\/div><\/div><div class=\"aio-ibd-block\"><div class=\"aio-icon-header\" ><a class=\"aio-icon-box-link\" href=\"http:\/\/ilernova.com.91-142-220-242.panelserver.org\/ca\/serveis\/enginyeria-agroalimentaria-i-general\/\" ><h3 class=\"aio-icon-title ult-responsive\"  data-ultimate-target='#Info-box-wrap-7593 .aio-icon-title'  data-responsive-json-new='{\"font-size\":\"desktop:18px;\",\"line-height\":\"desktop:30px;\"}'  style=\"font-weight:bold;\">Enginyeria Agroaliment\u00e0ria i General<\/h3><\/a><\/div> <!-- header --><div class=\"aio-icon-description ult-responsive\"  data-ultimate-target='#Info-box-wrap-7593 .aio-icon-description'  data-responsive-json-new='{\"font-size\":\"\",\"line-height\":\"\"}'  style=\"\"><\/p>\n<div class=\"aio-icon-header\"><\/div>\n<div class=\"aio-icon-description ult-responsive\" data-ultimate-target=\"#Info-box-wrap-4241 .aio-icon-description\" data-responsive-json-new=\"{&quot;font-size&quot;:&quot;&quot;,&quot;line-height&quot;:&quot;&quot;}\">Instal\u00b7lacions per a Ind\u00fastries. Direcci\u00f3, assist\u00e8ncia i coordinaci\u00f3 de Seguretat i Salut en Obres<\/div>\n<p><\/div> <!-- description --><\/div> <!-- aio-ibd-block --><\/div> <!-- aio-icon-box --><\/div> <!-- aio-icon-component -->[\/vc_column_inner][vc_column_inner width=&#8221;1\/2&#8243;]<div class=\"aio-icon-component  vc_custom_1529573689393  accent-icon-color style_1\"><div id=\"Info-box-wrap-6211\" class=\"aio-icon-box left-icon\" style=\"\"  ><div class=\"aio-icon-left\"><div class=\"ult-just-icon-wrapper  \"><div class=\"align-icon\" style=\"text-align:center;\">\n<div class=\"aio-icon none \"  style=\"font-size:48px;display:inline-block;\">\n\t<i class=\"icomoon-pixeden-stroke-32x32-phone\"><\/i>\n<\/div><\/div><\/div><\/div><div class=\"aio-ibd-block\"><div class=\"aio-icon-header\" ><a class=\"aio-icon-box-link\" href=\"http:\/\/ilernova.com.91-142-220-242.panelserver.org\/ca\/serveis\/enginyeria-ambiental\/\" ><h3 class=\"aio-icon-title ult-responsive\"  data-ultimate-target='#Info-box-wrap-6211 .aio-icon-title'  data-responsive-json-new='{\"font-size\":\"desktop:18px;\",\"line-height\":\"desktop:30px;\"}'  style=\"font-weight:bold;\">Enginyeria Ambiental<\/h3><\/a><\/div> <!-- header --><div class=\"aio-icon-description ult-responsive\"  data-ultimate-target='#Info-box-wrap-6211 .aio-icon-description'  data-responsive-json-new='{\"font-size\":\"\",\"line-height\":\"\"}'  style=\"\"><\/p>\n<div class=\"aio-icon-header\">\n<p class=\"aio-icon-title ult-responsive\" data-ultimate-target=\"#Info-box-wrap-6707 .aio-icon-title\" data-responsive-json-new=\"{&quot;font-size&quot;:&quot;desktop:18px;&quot;,&quot;line-height&quot;:&quot;desktop:30px;&quot;}\">Auditories, assessorament i seguiment dels requisits ambientals i les obligacions ambientals<\/p>\n<\/div>\n<p><\/div> <!-- description --><\/div> <!-- aio-ibd-block --><\/div> <!-- aio-icon-box --><\/div> <!-- aio-icon-component -->[\/vc_column_inner][vc_column_inner width=&#8221;1\/2&#8243;]<div class=\"aio-icon-component  vc_custom_1529573708828  accent-icon-color style_2\"><div id=\"Info-box-wrap-2601\" class=\"aio-icon-box left-icon\" style=\"\"  ><div class=\"aio-icon-left\"><div class=\"ult-just-icon-wrapper  \"><div class=\"align-icon\" style=\"text-align:center;\">\n<div class=\"aio-icon none \"  style=\"font-size:48px;display:inline-block;\">\n\t<i class=\"icomoon-pixeden-stroke-32x32-cart\"><\/i>\n<\/div><\/div><\/div><\/div><div class=\"aio-ibd-block\"><div class=\"aio-icon-header\" ><a class=\"aio-icon-box-link\" href=\"http:\/\/ilernova.com.91-142-220-242.panelserver.org\/ca\/serveis\/seguretat-alimentaria\/\" ><h3 class=\"aio-icon-title ult-responsive\"  data-ultimate-target='#Info-box-wrap-2601 .aio-icon-title'  data-responsive-json-new='{\"font-size\":\"desktop:18px;\",\"line-height\":\"desktop:30px;\"}'  style=\"font-weight:bold;\">Seguretat Aliment\u00e0ria<\/h3><\/a><\/div> <!-- header --><div class=\"aio-icon-description ult-responsive\"  data-ultimate-target='#Info-box-wrap-2601 .aio-icon-description'  data-responsive-json-new='{\"font-size\":\"\",\"line-height\":\"\"}'  style=\"\"><\/p>\n<div class=\"aio-icon-header\">\n<p class=\"aio-icon-title ult-responsive\" data-ultimate-target=\"#Info-box-wrap-5606 .aio-icon-title\" data-responsive-json-new=\"{&quot;font-size&quot;:&quot;desktop:18px;&quot;,&quot;line-height&quot;:&quot;desktop:30px;&quot;}\">Implantaci\u00f3 de sistemes de Seguretat Aliment\u00e0ria, APPCC, Qualitat (BRC, IFS, Global-Gap). Auditoria i seguiment.<\/p>\n<\/div>\n<p><\/div> <!-- description --><\/div> <!-- aio-ibd-block --><\/div> <!-- aio-icon-box --><\/div> <!-- aio-icon-component -->[\/vc_column_inner][vc_column_inner width=&#8221;1\/2&#8243;]<div class=\"aio-icon-component  vc_custom_1529573718932  accent-icon-color style_1\"><div id=\"Info-box-wrap-5638\" class=\"aio-icon-box left-icon\" style=\"\"  ><div class=\"aio-icon-left\"><div class=\"ult-just-icon-wrapper  \"><div class=\"align-icon\" style=\"text-align:center;\">\n<div class=\"aio-icon none \"  style=\"font-size:48px;display:inline-block;\">\n\t<i class=\"icomoon-pixeden-stroke-32x32-light\"><\/i>\n<\/div><\/div><\/div><\/div><div class=\"aio-ibd-block\"><div class=\"aio-icon-header\" ><a class=\"aio-icon-box-link\" href=\"http:\/\/ilernova.com.91-142-220-242.panelserver.org\/ca\/serveis\/valoracions-i-taxacions-informes-pericials\/\" ><h3 class=\"aio-icon-title ult-responsive\"  data-ultimate-target='#Info-box-wrap-5638 .aio-icon-title'  data-responsive-json-new='{\"font-size\":\"desktop:18px;\",\"line-height\":\"desktop:30px;\"}'  style=\"font-weight:bold;\">Valoracions i Taxacions. Informes Pericials.<\/h3><\/a><\/div> <!-- header --><div class=\"aio-icon-description ult-responsive\"  data-ultimate-target='#Info-box-wrap-5638 .aio-icon-description'  data-responsive-json-new='{\"font-size\":\"\",\"line-height\":\"\"}'  style=\"\"><\/p>\n<div class=\"aio-icon-header\"><\/div>\n<div class=\"aio-icon-description ult-responsive\" data-ultimate-target=\"#Info-box-wrap-7358 .aio-icon-description\" data-responsive-json-new=\"{&quot;font-size&quot;:&quot;&quot;,&quot;line-height&quot;:&quot;&quot;}\">Valoracions d\u2019ind\u00fastries agroaliment\u00e0ries i emissi\u00f3 d\u2019informes parcials.<\/div>\n<p><\/div> <!-- description --><\/div> <!-- aio-ibd-block --><\/div> <!-- aio-icon-box --><\/div> <!-- aio-icon-component -->[\/vc_column_inner][vc_column_inner width=&#8221;1\/2&#8243;][\/vc_column_inner][\/vc_row_inner][\/vc_column][\/vc_row][vc_row full_width=&#8221;stretch_row_content&#8221; bg_type=&#8221;bg_color&#8221; bg_override=&#8221;ex-full&#8221; type=&#8221;vc_default&#8221; margin_top=&#8221;-50&#8243; anchor=&#8221;about&#8221; bg_color_value=&#8221;#f7f7f7&#8243; css=&#8221;.vc_custom_1527873803156{margin-top: 0px !important;padding-top: 0px !important;padding-bottom: 5px !important;}&#8221; el_id=&#8221;proyectos&#8221;][vc_column css=&#8221;.vc_custom_1478304300524{padding-right: 30px !important;padding-left: 30px !important;}&#8221;][vc_empty_space][vc_media_grid element_width=&#8221;3&#8243; grid_id=&#8221;vc_gid:1529573647869-4036dd97-8b02-2&#8243; include=&#8221;15152,15150,15147,15149&#8243;][\/vc_column][\/vc_row][vc_row full_width=&#8221;stretch_row_content&#8221; disable_element=&#8221;yes&#8221; bg_type=&#8221;bg_color&#8221; bg_override=&#8221;ex-full&#8221; type=&#8221;vc_default&#8221; margin_top=&#8221;-50&#8243; anchor=&#8221;about&#8221; bg_color_value=&#8221;#ffffff&#8221; css=&#8221;.vc_custom_1527671336024{padding-top: 40px !important;padding-bottom: 40px !important;}&#8221;][vc_column css=&#8221;.vc_custom_1478304300524{padding-right: 30px !important;padding-left: 30px !important;}&#8221;][vc_empty_space]<div id=\"ultimate-heading-114069f9e89ae6e74\" class=\"uvc-heading ult-adjust-bottom-margin ultimate-heading-114069f9e89ae6e74 uvc-6861 \" data-hspacer=\"line_only\"  data-halign=\"center\" style=\"text-align:center\"><div class=\"uvc-main-heading ult-responsive\"  data-ultimate-target='.uvc-heading.ultimate-heading-114069f9e89ae6e74 h2'  data-responsive-json-new='{\"font-size\":\"desktop:45px;mobile_landscape:40px;\",\"line-height\":\"desktop:55px;mobile_landscape:50px;\"}' ><h2 style=\"--font-weight:theme;margin-bottom:5px;\">NUESTROS PROYECTOS<\/h2><\/div><div class=\"uvc-heading-spacer line_only\" style=\"margin-top:25px;margin-bottom:25px;height:1px;\"><span class=\"uvc-headings-line\" style=\"border-style:solid;border-bottom-width:1px;border-color:#b01e22;width:350px;\"><\/span><\/div><div class=\"uvc-sub-heading ult-responsive\"  data-ultimate-target='.uvc-heading.ultimate-heading-114069f9e89ae6e74 .uvc-sub-heading '  data-responsive-json-new='{\"font-size\":\"desktop:26px;mobile_landscape:20px;\",\"line-height\":\"desktop:36px;mobile_landscape:30px;\"}'  style=\"font-weight:normal;color:#adb0b6;margin-bottom:5px;\">Una muestra de nuestros proyectos de Ingenier\u00eda<\/div><\/div>[vc_empty_space height=&#8221;50px&#8221;][vc_empty_space][\/vc_column][\/vc_row]<\/p>\n","protected":false},"excerpt":{"rendered":"<p>[vc_row bg_type=&#8221;image&#8221; parallax_style=&#8221;vcpb-vz-jquery&#8221; bg_image_new=&#8221;id^15125|url^https:\/\/ilernova.com\/wp-content\/uploads\/2018\/03\/background-ingenieria.jpg|caption^null|alt^null|title^Ilernova|description^null&#8221; bg_image_repeat=&#8221;no-repeat&#8221; bg_override=&#8221;ex-full&#8221; type=&#8221;vc_default&#8221; margin_top=&#8221;-50&#8243; anchor=&#8221;about&#8221; css=&#8221;.vc_custom_1521529761013{padding-top: 40px !important;padding-bottom: 40px !important;}&#8221; el_id=&#8221;about&#8221;][vc_column][vc_empty_space height=&#8221;25px&#8221;][vc_empty_space height=&#8221;50px&#8221;][vc_row_inner][vc_column_inner width=&#8221;1\/3&#8243;][\/vc_column_inner][vc_column_inner width=&#8221;1\/3&#8243;][\/vc_column_inner][vc_column_inner width=&#8221;1\/3&#8243;][\/vc_column_inner][\/vc_row_inner][vc_empty_space height=&#8221;50px&#8221;][\/vc_column][\/vc_row][vc_row full_width=&#8221;stretch_row&#8221; bg_type=&#8221;bg_color&#8221; el_id=&#8221;servicios&#8221; css=&#8221;.vc_custom_1527873838954{background-color: #ffffff !important;}&#8221;][vc_column][vc_empty_space][vc_empty_space height=&#8221;50px&#8221;][vc_column_text css=&#8221;.vc_custom_1529572778076{padding-bottom: 50px !important;}&#8221;] Professionals amb m\u00e9s de vint anys d&#8217;experi\u00e8ncia integrant un grup de col\u00b7laboradors que ens permeten el desenvolupament de projectes d&#8217;ind\u00fastries i establiments agroalimentaris en&hellip;<\/p>\n","protected":false},"author":2,"featured_media":0,"parent":0,"menu_order":1,"comment_status":"closed","ping_status":"closed","template":"","meta":{"spay_email":""},"jetpack_sharing_enabled":true,"jetpack_shortlink":"https:\/\/wp.me\/PaezBV-3Zq","jetpack_likes_enabled":true,"_links":{"self":[{"href":"https:\/\/ilernova.com\/ca\/wp-json\/wp\/v2\/pages\/15340"}],"collection":[{"href":"https:\/\/ilernova.com\/ca\/wp-json\/wp\/v2\/pages"}],"about":[{"href":"https:\/\/ilernova.com\/ca\/wp-json\/wp\/v2\/types\/page"}],"author":[{"embeddable":true,"href":"https:\/\/ilernova.com\/ca\/wp-json\/wp\/v2\/users\/2"}],"replies":[{"embeddable":true,"href":"https:\/\/ilernova.com\/ca\/wp-json\/wp\/v2\/comments?post=15340"}],"version-history":[{"count":5,"href":"https:\/\/ilernova.com\/ca\/wp-json\/wp\/v2\/pages\/15340\/revisions"}],"predecessor-version":[{"id":15425,"href":"https:\/\/ilernova.com\/ca\/wp-json\/wp\/v2\/pages\/15340\/revisions\/15425"}],"wp:attachment":[{"href":"https:\/\/ilernova.com\/ca\/wp-json\/wp\/v2\/media?parent=15340"}],"curies":[{"name":"wp","href":"https:\/\/api.w.org\/{rel}","templated":true}]}}